{"id":3804,"date":"2024-11-30T09:46:30","date_gmt":"2024-11-30T09:46:30","guid":{"rendered":"https:\/\/axaresidence.al\/?page_id=3804"},"modified":"2024-12-23T15:59:44","modified_gmt":"2024-12-23T15:59:44","slug":"11-2","status":"publish","type":"page","link":"https:\/\/axaresidence.al\/en\/11-2\/","title":{"rendered":"1+1 apartments"},"content":{"rendered":"<div data-elementor-type=\"wp-page\" data-elementor-id=\"3804\" class=\"elementor elementor-3804\" data-elementor-post-type=\"page\">\n\t\t\t\t<div class=\"elementor-element elementor-element-40cc3e4 e-flex e-con-boxed e-con e-parent\" data-id=\"40cc3e4\" data-element_type=\"container\">\n\t\t\t\t\t<div class=\"e-con-inner\">\n\t\t\t\t<div class=\"elementor-element elementor-element-0382632 elementor-heading__align-center elementor-widget elementor-widget-heading\" data-id=\"0382632\" data-element_type=\"widget\" data-widget_type=\"heading.default\">\n\t\t\t\t<div class=\"elementor-widget-container\">\n\t\t\t\t\t<h2 class=\"elementor-heading-title elementor-size-default\">Typology of 1+1 apartments<\/h2>\t\t\t\t<\/div>\n\t\t\t\t<\/div>\n\t\t\t\t\t<\/div>\n\t\t\t\t<\/div>\n\t\t<div class=\"elementor-element elementor-element-f9ab298 e-flex e-con-boxed e-con e-parent\" data-id=\"f9ab298\" data-element_type=\"container\">\n\t\t\t\t\t<div class=\"e-con-inner\">\n\t\t\t\t<div class=\"elementor-element elementor-element-43dc20f e-n-tabs-mobile elementor-widget elementor-widget-n-tabs\" data-id=\"43dc20f\" data-element_type=\"widget\" data-widget_type=\"nested-tabs.default\">\n\t\t\t\t<div class=\"elementor-widget-container\">\n\t\t\t\t\t\t\t<div class=\"e-n-tabs\" data-widget-number=\"71156239\" aria-label=\"Tabs. Open items with Enter or Space, close with Escape and navigate using the Arrow keys.\" data-no-translation-aria-label=\"\">\n\t\t\t<div class=\"e-n-tabs-heading\" role=\"tablist\">\n\t\t\t\t\t<button id=\"e-n-tab-title-711562391\" class=\"e-n-tab-title\" aria-selected=\"true\" data-tab-index=\"1\" role=\"tab\" tabindex=\"0\" aria-controls=\"e-n-tab-content-711562391\" style=\"--n-tabs-title-order: 1;\">\n\t\t\t\t\t\t<span class=\"e-n-tab-title-text\">\n\t\t\t\tType 1\t\t\t<\/span>\n\t\t<\/button>\n\t\t\t\t<button id=\"e-n-tab-title-711562392\" class=\"e-n-tab-title\" aria-selected=\"false\" data-tab-index=\"2\" role=\"tab\" tabindex=\"-1\" aria-controls=\"e-n-tab-content-711562392\" style=\"--n-tabs-title-order: 2;\">\n\t\t\t\t\t\t<span class=\"e-n-tab-title-text\">\n\t\t\t\tType 2\t\t\t<\/span>\n\t\t<\/button>\n\t\t\t\t<button id=\"e-n-tab-title-711562393\" class=\"e-n-tab-title\" aria-selected=\"false\" data-tab-index=\"3\" role=\"tab\" tabindex=\"-1\" aria-controls=\"e-n-tab-content-711562393\" style=\"--n-tabs-title-order: 3;\">\n\t\t\t\t\t\t<span class=\"e-n-tab-title-text\">\n\t\t\t\tType 3\t\t\t<\/span>\n\t\t<\/button>\n\t\t\t\t<button id=\"e-n-tab-title-711562394\" class=\"e-n-tab-title\" aria-selected=\"false\" data-tab-index=\"4\" role=\"tab\" tabindex=\"-1\" aria-controls=\"e-n-tab-content-711562394\" style=\"--n-tabs-title-order: 4;\">\n\t\t\t\t\t\t<span class=\"e-n-tab-title-text\">\n\t\t\t\tType 4\t\t\t<\/span>\n\t\t<\/button>\n\t\t\t\t<button id=\"e-n-tab-title-711562395\" class=\"e-n-tab-title\" aria-selected=\"false\" data-tab-index=\"5\" role=\"tab\" tabindex=\"-1\" aria-controls=\"e-n-tab-content-711562395\" style=\"--n-tabs-title-order: 5;\">\n\t\t\t\t\t\t<span class=\"e-n-tab-title-text\">\n\t\t\t\tType 5\t\t\t<\/span>\n\t\t<\/button>\n\t\t\t\t<button id=\"e-n-tab-title-711562396\" class=\"e-n-tab-title\" aria-selected=\"false\" data-tab-index=\"6\" role=\"tab\" tabindex=\"-1\" aria-controls=\"e-n-tab-content-711562396\" style=\"--n-tabs-title-order: 6;\">\n\t\t\t\t\t\t<span class=\"e-n-tab-title-text\">\n\t\t\t\tType 6\t\t\t<\/span>\n\t\t<\/button>\n\t\t\t\t\t<\/div>\n\t\t\t<div class=\"e-n-tabs-content\">\n\t\t\t\t<div id=\"e-n-tab-content-711562391\" role=\"tabpanel\" aria-labelledby=\"e-n-tab-title-711562391\" data-tab-index=\"1\" style=\"--n-tabs-title-order: 1;\" class=\"e-active elementor-element elementor-element-4c0a15f e-con-full e-flex e-con e-child\" data-id=\"4c0a15f\" data-element_type=\"container\">\n\t\t<div class=\"elementor-element elementor-element-4c2102a e-flex e-con-boxed e-con e-child\" data-id=\"4c2102a\" data-element_type=\"container\">\n\t\t\t\t\t<div class=\"e-con-inner\">\n\t\t\t\t<div class=\"elementor-element elementor-element-73650ae layer-gradient-image-yes elementor-widget elementor-widget-opal-image-info\" data-id=\"73650ae\" data-element_type=\"widget\" data-widget_type=\"opal-image-info.default\">\n\t\t\t\t<div class=\"elementor-widget-container\">\n\t\t\t\t\t            <div class=\"elementor-image-info-wrapper\">\n                <div class=\"row\" data-elementor-columns=\"1\">\n                                        <div class=\"column-item\">\n                        <div class=\"elementor-image-info-item\">\n                                    <div class=\"elementor-image-info-image\">\n            <img fetchpriority=\"high\" decoding=\"async\" width=\"1150\" height=\"1025\" src=\"https:\/\/axaresidence.al\/wp-content\/uploads\/2024\/11\/Apartamenti-18.jpg\" class=\"attachment-full size-full wp-image-3721\" alt=\"\" srcset=\"https:\/\/axaresidence.al\/wp-content\/uploads\/2024\/11\/Apartamenti-18.jpg 1150w, https:\/\/axaresidence.al\/wp-content\/uploads\/2024\/11\/Apartamenti-18-300x267.jpg 300w, https:\/\/axaresidence.al\/wp-content\/uploads\/2024\/11\/Apartamenti-18-1024x913.jpg 1024w, https:\/\/axaresidence.al\/wp-content\/uploads\/2024\/11\/Apartamenti-18-768x685.jpg 768w, https:\/\/axaresidence.al\/wp-content\/uploads\/2024\/11\/Apartamenti-18-13x12.jpg 13w, https:\/\/axaresidence.al\/wp-content\/uploads\/2024\/11\/Apartamenti-18-400x357.jpg 400w\" sizes=\"(max-width: 1150px) 100vw, 1150px\" \/>        <\/div>\n                                    <div class=\"elementor-image-info-inner-wrapper\">\n                                <div class=\"elementor-image-info-inner\">\n                                                                        <div class=\"elementor-image-info-title\">\n                                                                            <\/div>\n                                    <div class=\"elementor-image-info-content\">\n                                                                            <\/div>\n                                <\/div>\n                            <\/div>\n\n                        <\/div>\n                    <\/div>\n                                    <\/div>\n            <\/div>\n            \t\t\t\t<\/div>\n\t\t\t\t<\/div>\n\t\t\t\t\t<\/div>\n\t\t\t\t<\/div>\n\t\t\t\t<\/div>\n\t\t<div id=\"e-n-tab-content-711562392\" role=\"tabpanel\" aria-labelledby=\"e-n-tab-title-711562392\" data-tab-index=\"2\" style=\"--n-tabs-title-order: 2;\" class=\"elementor-element elementor-element-e0b2272 e-con-full e-flex e-con e-child\" data-id=\"e0b2272\" data-element_type=\"container\">\n\t\t<div class=\"elementor-element elementor-element-3ee5eaf e-flex e-con-boxed e-con e-child\" data-id=\"3ee5eaf\" data-element_type=\"container\">\n\t\t\t\t\t<div class=\"e-con-inner\">\n\t\t\t\t<div class=\"elementor-element elementor-element-b035531 layer-gradient-image-yes elementor-widget elementor-widget-opal-image-info\" data-id=\"b035531\" data-element_type=\"widget\" data-widget_type=\"opal-image-info.default\">\n\t\t\t\t<div class=\"elementor-widget-container\">\n\t\t\t\t\t            <div class=\"elementor-image-info-wrapper\">\n                <div class=\"row\" data-elementor-columns=\"1\">\n                                        <div class=\"column-item\">\n                        <div class=\"elementor-image-info-item\">\n                                    <div class=\"elementor-image-info-image\">\n            <img decoding=\"async\" width=\"1150\" height=\"1025\" src=\"https:\/\/axaresidence.al\/wp-content\/uploads\/2024\/11\/Apartamenti-24.jpg\" class=\"attachment-full size-full wp-image-3727\" alt=\"\" srcset=\"https:\/\/axaresidence.al\/wp-content\/uploads\/2024\/11\/Apartamenti-24.jpg 1150w, https:\/\/axaresidence.al\/wp-content\/uploads\/2024\/11\/Apartamenti-24-300x267.jpg 300w, https:\/\/axaresidence.al\/wp-content\/uploads\/2024\/11\/Apartamenti-24-1024x913.jpg 1024w, https:\/\/axaresidence.al\/wp-content\/uploads\/2024\/11\/Apartamenti-24-768x685.jpg 768w, https:\/\/axaresidence.al\/wp-content\/uploads\/2024\/11\/Apartamenti-24-13x12.jpg 13w, https:\/\/axaresidence.al\/wp-content\/uploads\/2024\/11\/Apartamenti-24-400x357.jpg 400w\" sizes=\"(max-width: 1150px) 100vw, 1150px\" \/>        <\/div>\n                                    <div class=\"elementor-image-info-inner-wrapper\">\n                                <div class=\"elementor-image-info-inner\">\n                                                                        <div class=\"elementor-image-info-title\">\n                                                                            <\/div>\n                                    <div class=\"elementor-image-info-content\">\n                                                                            <\/div>\n                                <\/div>\n                            <\/div>\n\n                        <\/div>\n                    <\/div>\n                                    <\/div>\n            <\/div>\n            \t\t\t\t<\/div>\n\t\t\t\t<\/div>\n\t\t\t\t\t<\/div>\n\t\t\t\t<\/div>\n\t\t\t\t<\/div>\n\t\t<div id=\"e-n-tab-content-711562393\" role=\"tabpanel\" aria-labelledby=\"e-n-tab-title-711562393\" data-tab-index=\"3\" style=\"--n-tabs-title-order: 3;\" class=\"elementor-element elementor-element-7910efa e-con-full e-flex e-con e-child\" data-id=\"7910efa\" data-element_type=\"container\">\n\t\t<div class=\"elementor-element elementor-element-5ed033b e-flex e-con-boxed e-con e-child\" data-id=\"5ed033b\" data-element_type=\"container\">\n\t\t\t\t\t<div class=\"e-con-inner\">\n\t\t\t\t<div class=\"elementor-element elementor-element-b25a15b layer-gradient-image-yes elementor-widget elementor-widget-opal-image-info\" data-id=\"b25a15b\" data-element_type=\"widget\" data-widget_type=\"opal-image-info.default\">\n\t\t\t\t<div class=\"elementor-widget-container\">\n\t\t\t\t\t            <div class=\"elementor-image-info-wrapper\">\n                <div class=\"row\" data-elementor-columns=\"1\">\n                                        <div class=\"column-item\">\n                        <div class=\"elementor-image-info-item\">\n                                    <div class=\"elementor-image-info-image\">\n            <img decoding=\"async\" width=\"1150\" height=\"1025\" src=\"https:\/\/axaresidence.al\/wp-content\/uploads\/2024\/11\/Apartamenti-72.jpg\" class=\"attachment-full size-full wp-image-3779\" alt=\"\" srcset=\"https:\/\/axaresidence.al\/wp-content\/uploads\/2024\/11\/Apartamenti-72.jpg 1150w, https:\/\/axaresidence.al\/wp-content\/uploads\/2024\/11\/Apartamenti-72-300x267.jpg 300w, https:\/\/axaresidence.al\/wp-content\/uploads\/2024\/11\/Apartamenti-72-1024x913.jpg 1024w, https:\/\/axaresidence.al\/wp-content\/uploads\/2024\/11\/Apartamenti-72-768x685.jpg 768w, https:\/\/axaresidence.al\/wp-content\/uploads\/2024\/11\/Apartamenti-72-13x12.jpg 13w, https:\/\/axaresidence.al\/wp-content\/uploads\/2024\/11\/Apartamenti-72-400x357.jpg 400w\" sizes=\"(max-width: 1150px) 100vw, 1150px\" \/>        <\/div>\n                                    <div class=\"elementor-image-info-inner-wrapper\">\n                                <div class=\"elementor-image-info-inner\">\n                                                                        <div class=\"elementor-image-info-title\">\n                                                                            <\/div>\n                                    <div class=\"elementor-image-info-content\">\n                                                                            <\/div>\n                                <\/div>\n                            <\/div>\n\n                        <\/div>\n                    <\/div>\n                                    <\/div>\n            <\/div>\n            \t\t\t\t<\/div>\n\t\t\t\t<\/div>\n\t\t\t\t\t<\/div>\n\t\t\t\t<\/div>\n\t\t\t\t<\/div>\n\t\t<div id=\"e-n-tab-content-711562394\" role=\"tabpanel\" aria-labelledby=\"e-n-tab-title-711562394\" data-tab-index=\"4\" style=\"--n-tabs-title-order: 4;\" class=\"elementor-element elementor-element-15eb115 e-flex e-con-boxed e-con e-child\" data-id=\"15eb115\" data-element_type=\"container\">\n\t\t\t\t\t<div class=\"e-con-inner\">\n\t\t<div class=\"elementor-element elementor-element-73602e1 e-con-full e-flex e-con e-child\" data-id=\"73602e1\" data-element_type=\"container\">\n\t\t\t\t<div class=\"elementor-element elementor-element-123cff5 layer-gradient-image-yes elementor-widget elementor-widget-opal-image-info\" data-id=\"123cff5\" data-element_type=\"widget\" data-widget_type=\"opal-image-info.default\">\n\t\t\t\t<div class=\"elementor-widget-container\">\n\t\t\t\t\t            <div class=\"elementor-image-info-wrapper\">\n                <div class=\"row\" data-elementor-columns=\"1\">\n                                        <div class=\"column-item\">\n                        <div class=\"elementor-image-info-item\">\n                                    <div class=\"elementor-image-info-image\">\n            <img loading=\"lazy\" decoding=\"async\" width=\"1150\" height=\"1025\" src=\"https:\/\/axaresidence.al\/wp-content\/uploads\/2024\/11\/Apartamenti-76.jpg\" class=\"attachment-full size-full wp-image-3944\" alt=\"\" srcset=\"https:\/\/axaresidence.al\/wp-content\/uploads\/2024\/11\/Apartamenti-76.jpg 1150w, https:\/\/axaresidence.al\/wp-content\/uploads\/2024\/11\/Apartamenti-76-300x267.jpg 300w, https:\/\/axaresidence.al\/wp-content\/uploads\/2024\/11\/Apartamenti-76-1024x913.jpg 1024w, https:\/\/axaresidence.al\/wp-content\/uploads\/2024\/11\/Apartamenti-76-768x685.jpg 768w, https:\/\/axaresidence.al\/wp-content\/uploads\/2024\/11\/Apartamenti-76-13x12.jpg 13w, https:\/\/axaresidence.al\/wp-content\/uploads\/2024\/11\/Apartamenti-76-400x357.jpg 400w\" sizes=\"(max-width: 1150px) 100vw, 1150px\" \/>        <\/div>\n                                    <div class=\"elementor-image-info-inner-wrapper\">\n                                <div class=\"elementor-image-info-inner\">\n                                                                        <div class=\"elementor-image-info-title\">\n                                                                            <\/div>\n                                    <div class=\"elementor-image-info-content\">\n                                                                            <\/div>\n                                <\/div>\n                            <\/div>\n\n                        <\/div>\n                    <\/div>\n                                    <\/div>\n            <\/div>\n            \t\t\t\t<\/div>\n\t\t\t\t<\/div>\n\t\t\t\t<\/div>\n\t\t\t\t\t<\/div>\n\t\t\t\t<\/div>\n\t\t<div id=\"e-n-tab-content-711562395\" role=\"tabpanel\" aria-labelledby=\"e-n-tab-title-711562395\" data-tab-index=\"5\" style=\"--n-tabs-title-order: 5;\" class=\"elementor-element elementor-element-d67eb9b e-flex e-con-boxed e-con e-child\" data-id=\"d67eb9b\" data-element_type=\"container\">\n\t\t\t\t\t<div class=\"e-con-inner\">\n\t\t<div class=\"elementor-element elementor-element-98f05f0 e-con-full e-flex e-con e-child\" data-id=\"98f05f0\" data-element_type=\"container\">\n\t\t\t\t<div class=\"elementor-element elementor-element-aa57d27 layer-gradient-image-yes elementor-widget elementor-widget-opal-image-info\" data-id=\"aa57d27\" data-element_type=\"widget\" data-widget_type=\"opal-image-info.default\">\n\t\t\t\t<div class=\"elementor-widget-container\">\n\t\t\t\t\t            <div class=\"elementor-image-info-wrapper\">\n                <div class=\"row\" data-elementor-columns=\"1\">\n                                        <div class=\"column-item\">\n                        <div class=\"elementor-image-info-item\">\n                                    <div class=\"elementor-image-info-image\">\n            <img loading=\"lazy\" decoding=\"async\" width=\"1150\" height=\"1025\" src=\"https:\/\/axaresidence.al\/wp-content\/uploads\/2024\/11\/K-AP10.jpg\" class=\"attachment-full size-full wp-image-3950\" alt=\"\" srcset=\"https:\/\/axaresidence.al\/wp-content\/uploads\/2024\/11\/K-AP10.jpg 1150w, https:\/\/axaresidence.al\/wp-content\/uploads\/2024\/11\/K-AP10-300x267.jpg 300w, https:\/\/axaresidence.al\/wp-content\/uploads\/2024\/11\/K-AP10-1024x913.jpg 1024w, https:\/\/axaresidence.al\/wp-content\/uploads\/2024\/11\/K-AP10-768x685.jpg 768w, https:\/\/axaresidence.al\/wp-content\/uploads\/2024\/11\/K-AP10-13x12.jpg 13w, https:\/\/axaresidence.al\/wp-content\/uploads\/2024\/11\/K-AP10-400x357.jpg 400w\" sizes=\"(max-width: 1150px) 100vw, 1150px\" \/>        <\/div>\n                                    <div class=\"elementor-image-info-inner-wrapper\">\n                                <div class=\"elementor-image-info-inner\">\n                                                                        <div class=\"elementor-image-info-title\">\n                                                                            <\/div>\n                                    <div class=\"elementor-image-info-content\">\n                                                                            <\/div>\n                                <\/div>\n                            <\/div>\n\n                        <\/div>\n                    <\/div>\n                                    <\/div>\n            <\/div>\n            \t\t\t\t<\/div>\n\t\t\t\t<\/div>\n\t\t\t\t<\/div>\n\t\t\t\t\t<\/div>\n\t\t\t\t<\/div>\n\t\t<div id=\"e-n-tab-content-711562396\" role=\"tabpanel\" aria-labelledby=\"e-n-tab-title-711562396\" data-tab-index=\"6\" style=\"--n-tabs-title-order: 6;\" class=\"elementor-element elementor-element-f583d87 e-flex e-con-boxed e-con e-child\" data-id=\"f583d87\" data-element_type=\"container\">\n\t\t\t\t\t<div class=\"e-con-inner\">\n\t\t<div class=\"elementor-element elementor-element-a6281f6 e-con-full e-flex e-con e-child\" data-id=\"a6281f6\" data-element_type=\"container\">\n\t\t\t\t<div class=\"elementor-element elementor-element-36f40dd layer-gradient-image-yes elementor-widget elementor-widget-opal-image-info\" data-id=\"36f40dd\" data-element_type=\"widget\" data-widget_type=\"opal-image-info.default\">\n\t\t\t\t<div class=\"elementor-widget-container\">\n\t\t\t\t\t            <div class=\"elementor-image-info-wrapper\">\n                <div class=\"row\" data-elementor-columns=\"1\">\n                                        <div class=\"column-item\">\n                        <div class=\"elementor-image-info-item\">\n                                    <div class=\"elementor-image-info-image\">\n            <img loading=\"lazy\" decoding=\"async\" width=\"1150\" height=\"1025\" src=\"https:\/\/axaresidence.al\/wp-content\/uploads\/2024\/11\/K-AP9.jpg\" class=\"attachment-full size-full wp-image-3949\" alt=\"\" srcset=\"https:\/\/axaresidence.al\/wp-content\/uploads\/2024\/11\/K-AP9.jpg 1150w, https:\/\/axaresidence.al\/wp-content\/uploads\/2024\/11\/K-AP9-300x267.jpg 300w, https:\/\/axaresidence.al\/wp-content\/uploads\/2024\/11\/K-AP9-1024x913.jpg 1024w, https:\/\/axaresidence.al\/wp-content\/uploads\/2024\/11\/K-AP9-768x685.jpg 768w, https:\/\/axaresidence.al\/wp-content\/uploads\/2024\/11\/K-AP9-13x12.jpg 13w, https:\/\/axaresidence.al\/wp-content\/uploads\/2024\/11\/K-AP9-400x357.jpg 400w\" sizes=\"(max-width: 1150px) 100vw, 1150px\" \/>        <\/div>\n                                    <div class=\"elementor-image-info-inner-wrapper\">\n                                <div class=\"elementor-image-info-inner\">\n                                                                        <div class=\"elementor-image-info-title\">\n                                                                            <\/div>\n                                    <div class=\"elementor-image-info-content\">\n                                                                            <\/div>\n                                <\/div>\n                            <\/div>\n\n                        <\/div>\n                    <\/div>\n                                    <\/div>\n            <\/div>\n            \t\t\t\t<\/div>\n\t\t\t\t<\/div>\n\t\t\t\t<\/div>\n\t\t\t\t\t<\/div>\n\t\t\t\t<\/div>\n\t\t\t\t\t<\/div>\n\t\t<\/div>\n\t\t\t\t\t\t<\/div>\n\t\t\t\t<\/div>\n\t\t\t\t\t<\/div>\n\t\t\t\t<\/div>\n\t\t\t\t<\/div>","protected":false},"excerpt":{"rendered":"<p>Tipologjia e apartamenteve 1+1 Tipi 1 Tipi 2 Tipi 3 Tipi 4 Tipi 5 Tipi 6<\/p>","protected":false},"author":3,"featured_media":0,"parent":0,"menu_order":0,"comment_status":"closed","ping_status":"closed","template":"","meta":{"footnotes":""},"class_list":["post-3804","page","type-page","status-publish","hentry"],"yoast_head":"<!-- This site is optimized with the Yoast SEO Premium plugin v23.5 (Yoast SEO v24.0) - https:\/\/yoast.com\/wordpress\/plugins\/seo\/ -->\n<title>Apartamente 1+1 t\u00eb Projektuara me Stil<\/title>\n<meta name=\"description\" content=\"Apartamente 1+1 ideale p\u00ebr individ\u00eb dhe \u00e7ifte. Kombinim perfekt mes hap\u00ebsir\u00ebs dhe komoditetit te Axa Residence.\" \/>\n<meta name=\"robots\" content=\"index, follow, max-snippet:-1, max-image-preview:large, max-video-preview:-1\" \/>\n<link rel=\"canonical\" href=\"https:\/\/axaresidence.al\/en\/11-2\/\" \/>\n<meta property=\"og:locale\" content=\"en_GB\" \/>\n<meta property=\"og:type\" content=\"article\" \/>\n<meta property=\"og:title\" content=\"Apartmente 1+1\" \/>\n<meta property=\"og:description\" content=\"Apartamente 1+1 ideale p\u00ebr individ\u00eb dhe \u00e7ifte. Kombinim perfekt mes hap\u00ebsir\u00ebs dhe komoditetit te Axa Residence.\" \/>\n<meta property=\"og:url\" content=\"https:\/\/axaresidence.al\/en\/11-2\/\" \/>\n<meta property=\"og:site_name\" content=\"AXA Residence\" \/>\n<meta property=\"article:publisher\" content=\"https:\/\/www.facebook.com\/people\/Axa-Residence\/61570323142841\/\" \/>\n<meta property=\"article:modified_time\" content=\"2024-12-23T15:59:44+00:00\" \/>\n<meta property=\"og:image\" content=\"https:\/\/axaresidence.al\/wp-content\/uploads\/2024\/11\/Apartamenti-18.jpg\" \/>\n\t<meta property=\"og:image:width\" content=\"1150\" \/>\n\t<meta property=\"og:image:height\" content=\"1025\" \/>\n\t<meta property=\"og:image:type\" content=\"image\/jpeg\" \/>\n<meta name=\"twitter:card\" content=\"summary_large_image\" \/>\n<meta name=\"twitter:label1\" content=\"Estimated reading time\" \/>\n\t<meta name=\"twitter:data1\" content=\"3 minutes\" \/>\n<!-- \/ Yoast SEO Premium plugin. -->","yoast_head_json":{"title":"Apartamente 1+1 t\u00eb Projektuara me Stil","description":"Apartamente 1+1 ideale p\u00ebr individ\u00eb dhe \u00e7ifte. Kombinim perfekt mes hap\u00ebsir\u00ebs dhe komoditetit te Axa Residence.","robots":{"index":"index","follow":"follow","max-snippet":"max-snippet:-1","max-image-preview":"max-image-preview:large","max-video-preview":"max-video-preview:-1"},"canonical":"https:\/\/axaresidence.al\/en\/11-2\/","og_locale":"en_GB","og_type":"article","og_title":"Apartmente 1+1","og_description":"Apartamente 1+1 ideale p\u00ebr individ\u00eb dhe \u00e7ifte. Kombinim perfekt mes hap\u00ebsir\u00ebs dhe komoditetit te Axa Residence.","og_url":"https:\/\/axaresidence.al\/en\/11-2\/","og_site_name":"AXA Residence","article_publisher":"https:\/\/www.facebook.com\/people\/Axa-Residence\/61570323142841\/","article_modified_time":"2024-12-23T15:59:44+00:00","og_image":[{"width":1150,"height":1025,"url":"https:\/\/axaresidence.al\/wp-content\/uploads\/2024\/11\/Apartamenti-18.jpg","type":"image\/jpeg"}],"twitter_card":"summary_large_image","twitter_misc":{"Estimated reading time":"3 minutes"},"schema":{"@context":"https:\/\/schema.org","@graph":[{"@type":"WebPage","@id":"https:\/\/axaresidence.al\/11-2\/","url":"https:\/\/axaresidence.al\/11-2\/","name":"Apartamente 1+1 t\u00eb Projektuara me Stil","isPartOf":{"@id":"https:\/\/axaresidence.al\/#website"},"primaryImageOfPage":{"@id":"https:\/\/axaresidence.al\/11-2\/#primaryimage"},"image":{"@id":"https:\/\/axaresidence.al\/11-2\/#primaryimage"},"thumbnailUrl":"https:\/\/axaresidence.al\/wp-content\/uploads\/2024\/11\/Apartamenti-18.jpg","datePublished":"2024-11-30T09:46:30+00:00","dateModified":"2024-12-23T15:59:44+00:00","description":"Apartamente 1+1 ideale p\u00ebr individ\u00eb dhe \u00e7ifte. Kombinim perfekt mes hap\u00ebsir\u00ebs dhe komoditetit te Axa Residence.","breadcrumb":{"@id":"https:\/\/axaresidence.al\/11-2\/#breadcrumb"},"inLanguage":"en-GB","potentialAction":[{"@type":"ReadAction","target":["https:\/\/axaresidence.al\/11-2\/"]}]},{"@type":"ImageObject","inLanguage":"en-GB","@id":"https:\/\/axaresidence.al\/11-2\/#primaryimage","url":"https:\/\/axaresidence.al\/wp-content\/uploads\/2024\/11\/Apartamenti-18.jpg","contentUrl":"https:\/\/axaresidence.al\/wp-content\/uploads\/2024\/11\/Apartamenti-18.jpg"},{"@type":"BreadcrumbList","@id":"https:\/\/axaresidence.al\/11-2\/#breadcrumb","itemListElement":[{"@type":"ListItem","position":1,"name":"Home","item":"https:\/\/axaresidence.al\/"},{"@type":"ListItem","position":2,"name":"Apartmente 1+1"}]},{"@type":"WebSite","@id":"https:\/\/axaresidence.al\/#website","url":"https:\/\/axaresidence.al\/","name":"AXA Residence","description":"","publisher":{"@id":"https:\/\/axaresidence.al\/#organization"},"potentialAction":[{"@type":"SearchAction","target":{"@type":"EntryPoint","urlTemplate":"https:\/\/axaresidence.al\/?s={search_term_string}"},"query-input":{"@type":"PropertyValueSpecification","valueRequired":true,"valueName":"search_term_string"}}],"inLanguage":"en-GB"},{"@type":"Organization","@id":"https:\/\/axaresidence.al\/#organization","name":"AXA Residence","url":"https:\/\/axaresidence.al\/","logo":{"@type":"ImageObject","inLanguage":"en-GB","@id":"https:\/\/axaresidence.al\/#\/schema\/logo\/image\/","url":"https:\/\/axaresidence.al\/wp-content\/uploads\/2024\/11\/cropped-axa.png","contentUrl":"https:\/\/axaresidence.al\/wp-content\/uploads\/2024\/11\/cropped-axa.png","width":512,"height":512,"caption":"AXA Residence"},"image":{"@id":"https:\/\/axaresidence.al\/#\/schema\/logo\/image\/"},"sameAs":["https:\/\/www.facebook.com\/people\/Axa-Residence\/61570323142841\/","https:\/\/www.instagram.com\/axa_residence","https:\/\/www.tiktok.com\/@axa.residence","https:\/\/www.linkedin.com\/in\/axa-residence-763180340\/","https:\/\/api.whatsapp.com\/send\/?phone=355696073600&text&type=phone_number&app_absent=0"]}]}},"_links":{"self":[{"href":"https:\/\/axaresidence.al\/en\/wp-json\/wp\/v2\/pages\/3804","targetHints":{"allow":["GET"]}}],"collection":[{"href":"https:\/\/axaresidence.al\/en\/wp-json\/wp\/v2\/pages"}],"about":[{"href":"https:\/\/axaresidence.al\/en\/wp-json\/wp\/v2\/types\/page"}],"author":[{"embeddable":true,"href":"https:\/\/axaresidence.al\/en\/wp-json\/wp\/v2\/users\/3"}],"replies":[{"embeddable":true,"href":"https:\/\/axaresidence.al\/en\/wp-json\/wp\/v2\/comments?post=3804"}],"version-history":[{"count":0,"href":"https:\/\/axaresidence.al\/en\/wp-json\/wp\/v2\/pages\/3804\/revisions"}],"wp:attachment":[{"href":"https:\/\/axaresidence.al\/en\/wp-json\/wp\/v2\/media?parent=3804"}],"curies":[{"name":"wp","href":"https:\/\/api.w.org\/{rel}","templated":true}]}}