{"id":3815,"date":"2024-11-30T10:55:51","date_gmt":"2024-11-30T10:55:51","guid":{"rendered":"https:\/\/axaresidence.al\/?page_id=3815"},"modified":"2024-12-23T16:00:03","modified_gmt":"2024-12-23T16:00:03","slug":"31-2","status":"publish","type":"page","link":"https:\/\/axaresidence.al\/en\/31-2\/","title":{"rendered":"3+1 apartments"},"content":{"rendered":"<div data-elementor-type=\"wp-page\" data-elementor-id=\"3815\" class=\"elementor elementor-3815\" data-elementor-post-type=\"page\">\n\t\t\t\t<div class=\"elementor-element elementor-element-13c3493 e-flex e-con-boxed e-con e-parent\" data-id=\"13c3493\" data-element_type=\"container\">\n\t\t\t\t\t<div class=\"e-con-inner\">\n\t\t\t\t<div class=\"elementor-element elementor-element-3d1195e elementor-heading__align-center elementor-widget elementor-widget-heading\" data-id=\"3d1195e\" data-element_type=\"widget\" data-widget_type=\"heading.default\">\n\t\t\t\t<div class=\"elementor-widget-container\">\n\t\t\t\t\t<h2 class=\"elementor-heading-title elementor-size-default\">Typology of 3+1 apartments<\/h2>\t\t\t\t<\/div>\n\t\t\t\t<\/div>\n\t\t\t\t\t<\/div>\n\t\t\t\t<\/div>\n\t\t<div class=\"elementor-element elementor-element-5a75e5e e-flex e-con-boxed e-con e-parent\" data-id=\"5a75e5e\" data-element_type=\"container\">\n\t\t\t\t\t<div class=\"e-con-inner\">\n\t\t\t\t<div class=\"elementor-element elementor-element-3d5c45e e-n-tabs-mobile elementor-widget elementor-widget-n-tabs\" data-id=\"3d5c45e\" data-element_type=\"widget\" data-widget_type=\"nested-tabs.default\">\n\t\t\t\t<div class=\"elementor-widget-container\">\n\t\t\t\t\t\t\t<div class=\"e-n-tabs\" data-widget-number=\"64341086\" aria-label=\"Tabs. Open items with Enter or Space, close with Escape and navigate using the Arrow keys.\">\n\t\t\t<div class=\"e-n-tabs-heading\" role=\"tablist\">\n\t\t\t\t\t<button id=\"e-n-tab-title-643410861\" class=\"e-n-tab-title\" aria-selected=\"true\" data-tab-index=\"1\" role=\"tab\" tabindex=\"0\" aria-controls=\"e-n-tab-content-643410861\" style=\"--n-tabs-title-order: 1;\">\n\t\t\t\t\t\t<span class=\"e-n-tab-title-text\">\n\t\t\t\tType 1\t\t\t<\/span>\n\t\t<\/button>\n\t\t\t\t<button id=\"e-n-tab-title-643410862\" class=\"e-n-tab-title\" aria-selected=\"false\" data-tab-index=\"2\" role=\"tab\" tabindex=\"-1\" aria-controls=\"e-n-tab-content-643410862\" style=\"--n-tabs-title-order: 2;\">\n\t\t\t\t\t\t<span class=\"e-n-tab-title-text\">\n\t\t\t\tType 2\t\t\t<\/span>\n\t\t<\/button>\n\t\t\t\t<button id=\"e-n-tab-title-643410863\" class=\"e-n-tab-title\" aria-selected=\"false\" data-tab-index=\"3\" role=\"tab\" tabindex=\"-1\" aria-controls=\"e-n-tab-content-643410863\" style=\"--n-tabs-title-order: 3;\">\n\t\t\t\t\t\t<span class=\"e-n-tab-title-text\">\n\t\t\t\tType 3\t\t\t<\/span>\n\t\t<\/button>\n\t\t\t\t<button id=\"e-n-tab-title-643410864\" class=\"e-n-tab-title\" aria-selected=\"false\" data-tab-index=\"4\" role=\"tab\" tabindex=\"-1\" aria-controls=\"e-n-tab-content-643410864\" style=\"--n-tabs-title-order: 4;\">\n\t\t\t\t\t\t<span class=\"e-n-tab-title-text\">\n\t\t\t\tType 4\t\t\t<\/span>\n\t\t<\/button>\n\t\t\t\t<button id=\"e-n-tab-title-643410865\" class=\"e-n-tab-title\" aria-selected=\"false\" data-tab-index=\"5\" role=\"tab\" tabindex=\"-1\" aria-controls=\"e-n-tab-content-643410865\" style=\"--n-tabs-title-order: 5;\">\n\t\t\t\t\t\t<span class=\"e-n-tab-title-text\">\n\t\t\t\tType 5\t\t\t<\/span>\n\t\t<\/button>\n\t\t\t\t\t<\/div>\n\t\t\t<div class=\"e-n-tabs-content\">\n\t\t\t\t<div id=\"e-n-tab-content-643410861\" role=\"tabpanel\" aria-labelledby=\"e-n-tab-title-643410861\" data-tab-index=\"1\" style=\"--n-tabs-title-order: 1;\" class=\"e-active elementor-element elementor-element-53499e6 e-con-full e-flex e-con e-child\" data-id=\"53499e6\" data-element_type=\"container\">\n\t\t<div class=\"elementor-element elementor-element-036644d e-flex e-con-boxed e-con e-child\" data-id=\"036644d\" data-element_type=\"container\">\n\t\t\t\t\t<div class=\"e-con-inner\">\n\t\t\t\t<div class=\"elementor-element elementor-element-374836c layer-gradient-image-yes elementor-widget elementor-widget-opal-image-info\" data-id=\"374836c\" data-element_type=\"widget\" data-widget_type=\"opal-image-info.default\">\n\t\t\t\t<div class=\"elementor-widget-container\">\n\t\t\t\t\t            <div class=\"elementor-image-info-wrapper\">\n                <div class=\"row\" data-elementor-columns=\"1\">\n                                        <div class=\"column-item\">\n                        <div class=\"elementor-image-info-item\">\n                                    <div class=\"elementor-image-info-image\">\n            <img fetchpriority=\"high\" decoding=\"async\" width=\"1150\" height=\"1025\" src=\"https:\/\/axaresidence.al\/wp-content\/uploads\/2024\/11\/Apartamenti-48.jpg\" class=\"attachment-full size-full wp-image-3761\" alt=\"\" srcset=\"https:\/\/axaresidence.al\/wp-content\/uploads\/2024\/11\/Apartamenti-48.jpg 1150w, https:\/\/axaresidence.al\/wp-content\/uploads\/2024\/11\/Apartamenti-48-300x267.jpg 300w, https:\/\/axaresidence.al\/wp-content\/uploads\/2024\/11\/Apartamenti-48-1024x913.jpg 1024w, https:\/\/axaresidence.al\/wp-content\/uploads\/2024\/11\/Apartamenti-48-768x685.jpg 768w, https:\/\/axaresidence.al\/wp-content\/uploads\/2024\/11\/Apartamenti-48-13x12.jpg 13w, https:\/\/axaresidence.al\/wp-content\/uploads\/2024\/11\/Apartamenti-48-400x357.jpg 400w\" sizes=\"(max-width: 1150px) 100vw, 1150px\" \/>        <\/div>\n                                    <div class=\"elementor-image-info-inner-wrapper\">\n                                <div class=\"elementor-image-info-inner\">\n                                                                        <div class=\"elementor-image-info-title\">\n                                                                            <\/div>\n                                    <div class=\"elementor-image-info-content\">\n                                                                            <\/div>\n                                <\/div>\n                            <\/div>\n\n                        <\/div>\n                    <\/div>\n                                    <\/div>\n            <\/div>\n            \t\t\t\t<\/div>\n\t\t\t\t<\/div>\n\t\t\t\t\t<\/div>\n\t\t\t\t<\/div>\n\t\t\t\t<\/div>\n\t\t<div id=\"e-n-tab-content-643410862\" role=\"tabpanel\" aria-labelledby=\"e-n-tab-title-643410862\" data-tab-index=\"2\" style=\"--n-tabs-title-order: 2;\" class=\"elementor-element elementor-element-92c2414 e-con-full e-flex e-con e-child\" data-id=\"92c2414\" data-element_type=\"container\">\n\t\t<div class=\"elementor-element elementor-element-c2dd58c e-flex e-con-boxed e-con e-child\" data-id=\"c2dd58c\" data-element_type=\"container\">\n\t\t\t\t\t<div class=\"e-con-inner\">\n\t\t\t\t<div class=\"elementor-element elementor-element-fe7ba15 layer-gradient-image-yes elementor-widget elementor-widget-opal-image-info\" data-id=\"fe7ba15\" data-element_type=\"widget\" data-widget_type=\"opal-image-info.default\">\n\t\t\t\t<div class=\"elementor-widget-container\">\n\t\t\t\t\t            <div class=\"elementor-image-info-wrapper\">\n                <div class=\"row\" data-elementor-columns=\"1\">\n                                        <div class=\"column-item\">\n                        <div class=\"elementor-image-info-item\">\n                                    <div class=\"elementor-image-info-image\">\n            <img decoding=\"async\" width=\"1150\" height=\"1025\" src=\"https:\/\/axaresidence.al\/wp-content\/uploads\/2024\/11\/Apartamenti-51.jpg\" class=\"attachment-full size-full wp-image-3764\" alt=\"\" srcset=\"https:\/\/axaresidence.al\/wp-content\/uploads\/2024\/11\/Apartamenti-51.jpg 1150w, https:\/\/axaresidence.al\/wp-content\/uploads\/2024\/11\/Apartamenti-51-300x267.jpg 300w, https:\/\/axaresidence.al\/wp-content\/uploads\/2024\/11\/Apartamenti-51-1024x913.jpg 1024w, https:\/\/axaresidence.al\/wp-content\/uploads\/2024\/11\/Apartamenti-51-768x685.jpg 768w, https:\/\/axaresidence.al\/wp-content\/uploads\/2024\/11\/Apartamenti-51-13x12.jpg 13w, https:\/\/axaresidence.al\/wp-content\/uploads\/2024\/11\/Apartamenti-51-400x357.jpg 400w\" sizes=\"(max-width: 1150px) 100vw, 1150px\" \/>        <\/div>\n                                    <div class=\"elementor-image-info-inner-wrapper\">\n                                <div class=\"elementor-image-info-inner\">\n                                                                        <div class=\"elementor-image-info-title\">\n                                                                            <\/div>\n                                    <div class=\"elementor-image-info-content\">\n                                                                            <\/div>\n                                <\/div>\n                            <\/div>\n\n                        <\/div>\n                    <\/div>\n                                    <\/div>\n            <\/div>\n            \t\t\t\t<\/div>\n\t\t\t\t<\/div>\n\t\t\t\t\t<\/div>\n\t\t\t\t<\/div>\n\t\t\t\t<\/div>\n\t\t<div id=\"e-n-tab-content-643410863\" role=\"tabpanel\" aria-labelledby=\"e-n-tab-title-643410863\" data-tab-index=\"3\" style=\"--n-tabs-title-order: 3;\" class=\"elementor-element elementor-element-a133013 e-con-full e-flex e-con e-child\" data-id=\"a133013\" data-element_type=\"container\">\n\t\t<div class=\"elementor-element elementor-element-d6ad631 e-flex e-con-boxed e-con e-child\" data-id=\"d6ad631\" data-element_type=\"container\">\n\t\t\t\t\t<div class=\"e-con-inner\">\n\t\t\t\t<div class=\"elementor-element elementor-element-fda40b1 layer-gradient-image-yes elementor-widget elementor-widget-opal-image-info\" data-id=\"fda40b1\" data-element_type=\"widget\" data-widget_type=\"opal-image-info.default\">\n\t\t\t\t<div class=\"elementor-widget-container\">\n\t\t\t\t\t            <div class=\"elementor-image-info-wrapper\">\n                <div class=\"row\" data-elementor-columns=\"1\">\n                                        <div class=\"column-item\">\n                        <div class=\"elementor-image-info-item\">\n                                    <div class=\"elementor-image-info-image\">\n            <img decoding=\"async\" width=\"1150\" height=\"1025\" src=\"https:\/\/axaresidence.al\/wp-content\/uploads\/2024\/11\/Apartamenti-60.jpg\" class=\"attachment-full size-full wp-image-3771\" alt=\"\" srcset=\"https:\/\/axaresidence.al\/wp-content\/uploads\/2024\/11\/Apartamenti-60.jpg 1150w, https:\/\/axaresidence.al\/wp-content\/uploads\/2024\/11\/Apartamenti-60-300x267.jpg 300w, https:\/\/axaresidence.al\/wp-content\/uploads\/2024\/11\/Apartamenti-60-1024x913.jpg 1024w, https:\/\/axaresidence.al\/wp-content\/uploads\/2024\/11\/Apartamenti-60-768x685.jpg 768w, https:\/\/axaresidence.al\/wp-content\/uploads\/2024\/11\/Apartamenti-60-13x12.jpg 13w, https:\/\/axaresidence.al\/wp-content\/uploads\/2024\/11\/Apartamenti-60-400x357.jpg 400w\" sizes=\"(max-width: 1150px) 100vw, 1150px\" \/>        <\/div>\n                                    <div class=\"elementor-image-info-inner-wrapper\">\n                                <div class=\"elementor-image-info-inner\">\n                                                                        <div class=\"elementor-image-info-title\">\n                                                                            <\/div>\n                                    <div class=\"elementor-image-info-content\">\n                                                                            <\/div>\n                                <\/div>\n                            <\/div>\n\n                        <\/div>\n                    <\/div>\n                                    <\/div>\n            <\/div>\n            \t\t\t\t<\/div>\n\t\t\t\t<\/div>\n\t\t\t\t\t<\/div>\n\t\t\t\t<\/div>\n\t\t\t\t<\/div>\n\t\t<div id=\"e-n-tab-content-643410864\" role=\"tabpanel\" aria-labelledby=\"e-n-tab-title-643410864\" data-tab-index=\"4\" style=\"--n-tabs-title-order: 4;\" class=\"elementor-element elementor-element-d676edf e-flex e-con-boxed e-con e-child\" data-id=\"d676edf\" data-element_type=\"container\">\n\t\t\t\t\t<div class=\"e-con-inner\">\n\t\t<div class=\"elementor-element elementor-element-60fc609 e-con-full e-flex e-con e-child\" data-id=\"60fc609\" data-element_type=\"container\">\n\t\t\t\t<div class=\"elementor-element elementor-element-688655b layer-gradient-image-yes elementor-widget elementor-widget-opal-image-info\" data-id=\"688655b\" data-element_type=\"widget\" data-widget_type=\"opal-image-info.default\">\n\t\t\t\t<div class=\"elementor-widget-container\">\n\t\t\t\t\t            <div class=\"elementor-image-info-wrapper\">\n                <div class=\"row\" data-elementor-columns=\"1\">\n                                        <div class=\"column-item\">\n                        <div class=\"elementor-image-info-item\">\n                                    <div class=\"elementor-image-info-image\">\n            <img loading=\"lazy\" decoding=\"async\" width=\"1150\" height=\"1025\" src=\"https:\/\/axaresidence.al\/wp-content\/uploads\/2024\/11\/Apartamenti-68.jpg\" class=\"attachment-full size-full wp-image-3776\" alt=\"\" srcset=\"https:\/\/axaresidence.al\/wp-content\/uploads\/2024\/11\/Apartamenti-68.jpg 1150w, https:\/\/axaresidence.al\/wp-content\/uploads\/2024\/11\/Apartamenti-68-300x267.jpg 300w, https:\/\/axaresidence.al\/wp-content\/uploads\/2024\/11\/Apartamenti-68-1024x913.jpg 1024w, https:\/\/axaresidence.al\/wp-content\/uploads\/2024\/11\/Apartamenti-68-768x685.jpg 768w, https:\/\/axaresidence.al\/wp-content\/uploads\/2024\/11\/Apartamenti-68-13x12.jpg 13w, https:\/\/axaresidence.al\/wp-content\/uploads\/2024\/11\/Apartamenti-68-400x357.jpg 400w\" sizes=\"(max-width: 1150px) 100vw, 1150px\" \/>        <\/div>\n                                    <div class=\"elementor-image-info-inner-wrapper\">\n                                <div class=\"elementor-image-info-inner\">\n                                                                        <div class=\"elementor-image-info-title\">\n                                                                            <\/div>\n                                    <div class=\"elementor-image-info-content\">\n                                                                            <\/div>\n                                <\/div>\n                            <\/div>\n\n                        <\/div>\n                    <\/div>\n                                    <\/div>\n            <\/div>\n            \t\t\t\t<\/div>\n\t\t\t\t<\/div>\n\t\t\t\t<\/div>\n\t\t\t\t\t<\/div>\n\t\t\t\t<\/div>\n\t\t<div id=\"e-n-tab-content-643410865\" role=\"tabpanel\" aria-labelledby=\"e-n-tab-title-643410865\" data-tab-index=\"5\" style=\"--n-tabs-title-order: 5;\" class=\"elementor-element elementor-element-6e4da8c e-flex e-con-boxed e-con e-child\" data-id=\"6e4da8c\" data-element_type=\"container\">\n\t\t\t\t\t<div class=\"e-con-inner\">\n\t\t<div class=\"elementor-element elementor-element-683592d e-con-full e-flex e-con e-child\" data-id=\"683592d\" data-element_type=\"container\">\n\t\t\t\t<div class=\"elementor-element elementor-element-c95e339 layer-gradient-image-yes elementor-widget elementor-widget-opal-image-info\" data-id=\"c95e339\" data-element_type=\"widget\" data-widget_type=\"opal-image-info.default\">\n\t\t\t\t<div class=\"elementor-widget-container\">\n\t\t\t\t\t            <div class=\"elementor-image-info-wrapper\">\n                <div class=\"row\" data-elementor-columns=\"1\">\n                                        <div class=\"column-item\">\n                        <div class=\"elementor-image-info-item\">\n                                    <div class=\"elementor-image-info-image\">\n            <img loading=\"lazy\" decoding=\"async\" width=\"1150\" height=\"1025\" src=\"https:\/\/axaresidence.al\/wp-content\/uploads\/2024\/11\/Apartamenti-70.jpg\" class=\"attachment-full size-full wp-image-3777\" alt=\"\" srcset=\"https:\/\/axaresidence.al\/wp-content\/uploads\/2024\/11\/Apartamenti-70.jpg 1150w, https:\/\/axaresidence.al\/wp-content\/uploads\/2024\/11\/Apartamenti-70-300x267.jpg 300w, https:\/\/axaresidence.al\/wp-content\/uploads\/2024\/11\/Apartamenti-70-1024x913.jpg 1024w, https:\/\/axaresidence.al\/wp-content\/uploads\/2024\/11\/Apartamenti-70-768x685.jpg 768w, https:\/\/axaresidence.al\/wp-content\/uploads\/2024\/11\/Apartamenti-70-13x12.jpg 13w, https:\/\/axaresidence.al\/wp-content\/uploads\/2024\/11\/Apartamenti-70-400x357.jpg 400w\" sizes=\"(max-width: 1150px) 100vw, 1150px\" \/>        <\/div>\n                                    <div class=\"elementor-image-info-inner-wrapper\">\n                                <div class=\"elementor-image-info-inner\">\n                                                                        <div class=\"elementor-image-info-title\">\n                                                                            <\/div>\n                                    <div class=\"elementor-image-info-content\">\n                                                                            <\/div>\n                                <\/div>\n                            <\/div>\n\n                        <\/div>\n                    <\/div>\n                                    <\/div>\n            <\/div>\n            \t\t\t\t<\/div>\n\t\t\t\t<\/div>\n\t\t\t\t<\/div>\n\t\t\t\t\t<\/div>\n\t\t\t\t<\/div>\n\t\t\t\t\t<\/div>\n\t\t<\/div>\n\t\t\t\t\t\t<\/div>\n\t\t\t\t<\/div>\n\t\t\t\t\t<\/div>\n\t\t\t\t<\/div>\n\t\t\t\t<\/div>","protected":false},"excerpt":{"rendered":"<p>Tipologjia e apartamenteve 3+1 Tipi 1 Tipi 2 Tipi 3 Tipi 4 Tipi 5<\/p>","protected":false},"author":3,"featured_media":0,"parent":0,"menu_order":0,"comment_status":"closed","ping_status":"closed","template":"","meta":{"footnotes":""},"class_list":["post-3815","page","type-page","status-publish","hentry"],"yoast_head":"<!-- This site is optimized with the Yoast SEO Premium plugin v23.5 (Yoast SEO v24.0) - https:\/\/yoast.com\/wordpress\/plugins\/seo\/ -->\n<title>Apartamente 3+1 - Jetesa e P\u00ebrkryer p\u00ebr Familjet<\/title>\n<meta name=\"description\" content=\"Apartamente t\u00eb bollshme 3+1 p\u00ebr familje t\u00eb m\u00ebdha. Komoditet, hap\u00ebsir\u00eb dhe luks n\u00eb nj\u00eb vend t\u00eb vet\u00ebm te Axa Residence.\" \/>\n<meta name=\"robots\" content=\"index, follow, max-snippet:-1, max-image-preview:large, max-video-preview:-1\" \/>\n<link rel=\"canonical\" href=\"https:\/\/axaresidence.al\/en\/31-2\/\" \/>\n<meta property=\"og:locale\" content=\"en_GB\" \/>\n<meta property=\"og:type\" content=\"article\" \/>\n<meta property=\"og:title\" content=\"Apartmente 3+1\" \/>\n<meta property=\"og:description\" content=\"Apartamente t\u00eb bollshme 3+1 p\u00ebr familje t\u00eb m\u00ebdha. Komoditet, hap\u00ebsir\u00eb dhe luks n\u00eb nj\u00eb vend t\u00eb vet\u00ebm te Axa Residence.\" \/>\n<meta property=\"og:url\" content=\"https:\/\/axaresidence.al\/en\/31-2\/\" \/>\n<meta property=\"og:site_name\" content=\"AXA Residence\" \/>\n<meta property=\"article:publisher\" content=\"https:\/\/www.facebook.com\/people\/Axa-Residence\/61570323142841\/\" \/>\n<meta property=\"article:modified_time\" content=\"2024-12-23T16:00:03+00:00\" \/>\n<meta property=\"og:image\" content=\"https:\/\/axaresidence.al\/wp-content\/uploads\/2024\/11\/Apartamenti-48.jpg\" \/>\n\t<meta property=\"og:image:width\" content=\"1150\" \/>\n\t<meta property=\"og:image:height\" content=\"1025\" \/>\n\t<meta property=\"og:image:type\" content=\"image\/jpeg\" \/>\n<meta name=\"twitter:card\" content=\"summary_large_image\" \/>\n<meta name=\"twitter:label1\" content=\"Estimated reading time\" \/>\n\t<meta name=\"twitter:data1\" content=\"3 minutes\" \/>\n<!-- \/ Yoast SEO Premium plugin. -->","yoast_head_json":{"title":"Apartamente 3+1 - Jetesa e P\u00ebrkryer p\u00ebr Familjet","description":"Apartamente t\u00eb bollshme 3+1 p\u00ebr familje t\u00eb m\u00ebdha. Komoditet, hap\u00ebsir\u00eb dhe luks n\u00eb nj\u00eb vend t\u00eb vet\u00ebm te Axa Residence.","robots":{"index":"index","follow":"follow","max-snippet":"max-snippet:-1","max-image-preview":"max-image-preview:large","max-video-preview":"max-video-preview:-1"},"canonical":"https:\/\/axaresidence.al\/en\/31-2\/","og_locale":"en_GB","og_type":"article","og_title":"Apartmente 3+1","og_description":"Apartamente t\u00eb bollshme 3+1 p\u00ebr familje t\u00eb m\u00ebdha. Komoditet, hap\u00ebsir\u00eb dhe luks n\u00eb nj\u00eb vend t\u00eb vet\u00ebm te Axa Residence.","og_url":"https:\/\/axaresidence.al\/en\/31-2\/","og_site_name":"AXA Residence","article_publisher":"https:\/\/www.facebook.com\/people\/Axa-Residence\/61570323142841\/","article_modified_time":"2024-12-23T16:00:03+00:00","og_image":[{"width":1150,"height":1025,"url":"https:\/\/axaresidence.al\/wp-content\/uploads\/2024\/11\/Apartamenti-48.jpg","type":"image\/jpeg"}],"twitter_card":"summary_large_image","twitter_misc":{"Estimated reading time":"3 minutes"},"schema":{"@context":"https:\/\/schema.org","@graph":[{"@type":"WebPage","@id":"https:\/\/axaresidence.al\/31-2\/","url":"https:\/\/axaresidence.al\/31-2\/","name":"Apartamente 3+1 - Jetesa e P\u00ebrkryer p\u00ebr Familjet","isPartOf":{"@id":"https:\/\/axaresidence.al\/#website"},"primaryImageOfPage":{"@id":"https:\/\/axaresidence.al\/31-2\/#primaryimage"},"image":{"@id":"https:\/\/axaresidence.al\/31-2\/#primaryimage"},"thumbnailUrl":"https:\/\/axaresidence.al\/wp-content\/uploads\/2024\/11\/Apartamenti-48.jpg","datePublished":"2024-11-30T10:55:51+00:00","dateModified":"2024-12-23T16:00:03+00:00","description":"Apartamente t\u00eb bollshme 3+1 p\u00ebr familje t\u00eb m\u00ebdha. Komoditet, hap\u00ebsir\u00eb dhe luks n\u00eb nj\u00eb vend t\u00eb vet\u00ebm te Axa Residence.","breadcrumb":{"@id":"https:\/\/axaresidence.al\/31-2\/#breadcrumb"},"inLanguage":"en-GB","potentialAction":[{"@type":"ReadAction","target":["https:\/\/axaresidence.al\/31-2\/"]}]},{"@type":"ImageObject","inLanguage":"en-GB","@id":"https:\/\/axaresidence.al\/31-2\/#primaryimage","url":"https:\/\/axaresidence.al\/wp-content\/uploads\/2024\/11\/Apartamenti-48.jpg","contentUrl":"https:\/\/axaresidence.al\/wp-content\/uploads\/2024\/11\/Apartamenti-48.jpg"},{"@type":"BreadcrumbList","@id":"https:\/\/axaresidence.al\/31-2\/#breadcrumb","itemListElement":[{"@type":"ListItem","position":1,"name":"Home","item":"https:\/\/axaresidence.al\/"},{"@type":"ListItem","position":2,"name":"Apartmente 3+1"}]},{"@type":"WebSite","@id":"https:\/\/axaresidence.al\/#website","url":"https:\/\/axaresidence.al\/","name":"AXA Residence","description":"","publisher":{"@id":"https:\/\/axaresidence.al\/#organization"},"potentialAction":[{"@type":"SearchAction","target":{"@type":"EntryPoint","urlTemplate":"https:\/\/axaresidence.al\/?s={search_term_string}"},"query-input":{"@type":"PropertyValueSpecification","valueRequired":true,"valueName":"search_term_string"}}],"inLanguage":"en-GB"},{"@type":"Organization","@id":"https:\/\/axaresidence.al\/#organization","name":"AXA Residence","url":"https:\/\/axaresidence.al\/","logo":{"@type":"ImageObject","inLanguage":"en-GB","@id":"https:\/\/axaresidence.al\/#\/schema\/logo\/image\/","url":"https:\/\/axaresidence.al\/wp-content\/uploads\/2024\/11\/cropped-axa.png","contentUrl":"https:\/\/axaresidence.al\/wp-content\/uploads\/2024\/11\/cropped-axa.png","width":512,"height":512,"caption":"AXA Residence"},"image":{"@id":"https:\/\/axaresidence.al\/#\/schema\/logo\/image\/"},"sameAs":["https:\/\/www.facebook.com\/people\/Axa-Residence\/61570323142841\/","https:\/\/www.instagram.com\/axa_residence","https:\/\/www.tiktok.com\/@axa.residence","https:\/\/www.linkedin.com\/in\/axa-residence-763180340\/","https:\/\/api.whatsapp.com\/send\/?phone=355696073600&text&type=phone_number&app_absent=0"]}]}},"_links":{"self":[{"href":"https:\/\/axaresidence.al\/en\/wp-json\/wp\/v2\/pages\/3815","targetHints":{"allow":["GET"]}}],"collection":[{"href":"https:\/\/axaresidence.al\/en\/wp-json\/wp\/v2\/pages"}],"about":[{"href":"https:\/\/axaresidence.al\/en\/wp-json\/wp\/v2\/types\/page"}],"author":[{"embeddable":true,"href":"https:\/\/axaresidence.al\/en\/wp-json\/wp\/v2\/users\/3"}],"replies":[{"embeddable":true,"href":"https:\/\/axaresidence.al\/en\/wp-json\/wp\/v2\/comments?post=3815"}],"version-history":[{"count":0,"href":"https:\/\/axaresidence.al\/en\/wp-json\/wp\/v2\/pages\/3815\/revisions"}],"wp:attachment":[{"href":"https:\/\/axaresidence.al\/en\/wp-json\/wp\/v2\/media?parent=3815"}],"curies":[{"name":"wp","href":"https:\/\/api.w.org\/{rel}","templated":true}]}}