{"id":3823,"date":"2024-11-30T10:59:07","date_gmt":"2024-11-30T10:59:07","guid":{"rendered":"https:\/\/axaresidence.al\/?page_id=3823"},"modified":"2024-12-23T16:00:44","modified_gmt":"2024-12-23T16:00:44","slug":"ambiente-sherbimi","status":"publish","type":"page","link":"https:\/\/axaresidence.al\/en\/ambiente-sherbimi\/","title":{"rendered":"Service Facilities"},"content":{"rendered":"<div data-elementor-type=\"wp-page\" data-elementor-id=\"3823\" class=\"elementor elementor-3823\" data-elementor-post-type=\"page\">\n\t\t\t\t<div class=\"elementor-element elementor-element-97c8027 e-con-full e-flex e-con e-parent\" data-id=\"97c8027\" data-element_type=\"container\">\n\t\t\t\t<div class=\"elementor-element elementor-element-f3cfebb elementor-widget elementor-widget-text-editor\" data-id=\"f3cfebb\" data-element_type=\"widget\" data-widget_type=\"text-editor.default\">\n\t\t\t\t<div class=\"elementor-widget-container\">\n\t\t\t\t\t\t\t\t\t<p><strong>Floor 0 contains 13 commercial units, which are located in a large space and organized to offer opportunities for businesses and services that require many visitors. Each commercial unit offers opportunities for shops, restaurants, offices or other commercial activities. This floor is designed to be easy to access and is located at ground level, offering maximum exposure and good opportunities to attract customers.<\/strong><\/p><p><strong>The spaces are separate and can be adapted to the requirements of any business, with opportunities for signs and visible advertising spaces. This makes floor 0 ideal for entrepreneurs looking to establish a strong presence in a high-traffic location.<\/strong><\/p>\t\t\t\t\t\t\t\t<\/div>\n\t\t\t\t<\/div>\n\t\t\t\t<div class=\"elementor-element elementor-element-74a4aca elementor-widget elementor-widget-image\" data-id=\"74a4aca\" data-element_type=\"widget\" data-widget_type=\"image.default\">\n\t\t\t\t<div class=\"elementor-widget-container\">\n\t\t\t\t\t\t\t\t\t\t\t\t\t\t\t<img fetchpriority=\"high\" decoding=\"async\" width=\"1448\" height=\"2048\" src=\"https:\/\/axaresidence.al\/wp-content\/uploads\/2024\/12\/planimetri-kati-0-1448x2048.jpg\" class=\"attachment-2048x2048 size-2048x2048 wp-image-4223\" alt=\"\" srcset=\"https:\/\/axaresidence.al\/wp-content\/uploads\/2024\/12\/planimetri-kati-0-1448x2048.jpg 1448w, https:\/\/axaresidence.al\/wp-content\/uploads\/2024\/12\/planimetri-kati-0-212x300.jpg 212w, https:\/\/axaresidence.al\/wp-content\/uploads\/2024\/12\/planimetri-kati-0-724x1024.jpg 724w, https:\/\/axaresidence.al\/wp-content\/uploads\/2024\/12\/planimetri-kati-0-768x1086.jpg 768w, https:\/\/axaresidence.al\/wp-content\/uploads\/2024\/12\/planimetri-kati-0-1086x1536.jpg 1086w, https:\/\/axaresidence.al\/wp-content\/uploads\/2024\/12\/planimetri-kati-0-8x12.jpg 8w, https:\/\/axaresidence.al\/wp-content\/uploads\/2024\/12\/planimetri-kati-0-400x566.jpg 400w, https:\/\/axaresidence.al\/wp-content\/uploads\/2024\/12\/planimetri-kati-0-scaled.jpg 1810w\" sizes=\"(max-width: 1448px) 100vw, 1448px\" \/>\t\t\t\t\t\t\t\t\t\t\t\t\t\t\t<\/div>\n\t\t\t\t<\/div>\n\t\t\t\t<\/div>\n\t\t\t\t<\/div>","protected":false},"excerpt":{"rendered":"<p>Kati 0\u00a0 p\u00ebrmban 13 nj\u00ebsit\u00eb tregtare, t\u00eb cilat jan\u00eb t\u00eb vendosura n\u00eb nj\u00eb hap\u00ebsir\u00eb t\u00eb madhe dhe t\u00eb organizuar p\u00ebr t\u00eb ofruar mund\u00ebsi p\u00ebr bizneset dhe sh\u00ebrbimet q\u00eb k\u00ebrkojn\u00eb vizitor\u00eb t\u00eb shumt\u00eb. Secila nj\u00ebsit\u00eb tregtare ofron mund\u00ebsi p\u00ebr dyqane, restorante, zyra ose aktivitete t\u00eb tjera komerciale. Ky kat \u00ebsht\u00eb projektuar p\u00ebr t\u00eb qen\u00eb i leht\u00eb &hellip; <\/p>\n<p class=\"link-more\"><a href=\"https:\/\/axaresidence.al\/en\/ambiente-sherbimi\/\" class=\"more-link\">Read More <span class=\"screen-reader-text\"> &#8220;Ambiente Sherbimi&#8221;<\/span><\/a><\/p>","protected":false},"author":3,"featured_media":0,"parent":0,"menu_order":0,"comment_status":"closed","ping_status":"closed","template":"","meta":{"footnotes":""},"class_list":["post-3823","page","type-page","status-publish","hentry"],"yoast_head":"<!-- This site is optimized with the Yoast SEO Premium plugin v23.5 (Yoast SEO v24.0) - https:\/\/yoast.com\/wordpress\/plugins\/seo\/ -->\n<title>Ambiente Sherbimi - Hap\u00ebsira Praktike dhe Funksionale<\/title>\n<meta name=\"description\" content=\"Ambiente sh\u00ebrbimi t\u00eb dizajnuara p\u00ebr biznesin tuaj. Siguroni hap\u00ebsira funksionale dhe moderne me Axa Residence.\" \/>\n<meta name=\"robots\" content=\"index, follow, max-snippet:-1, max-image-preview:large, max-video-preview:-1\" \/>\n<link rel=\"canonical\" href=\"https:\/\/axaresidence.al\/en\/ambiente-sherbimi\/\" \/>\n<meta property=\"og:locale\" content=\"en_GB\" \/>\n<meta property=\"og:type\" content=\"article\" \/>\n<meta property=\"og:title\" content=\"Ambiente Sherbimi\" \/>\n<meta property=\"og:description\" content=\"Ambiente sh\u00ebrbimi t\u00eb dizajnuara p\u00ebr biznesin tuaj. Siguroni hap\u00ebsira funksionale dhe moderne me Axa Residence.\" \/>\n<meta property=\"og:url\" content=\"https:\/\/axaresidence.al\/en\/ambiente-sherbimi\/\" \/>\n<meta property=\"og:site_name\" content=\"AXA Residence\" \/>\n<meta property=\"article:publisher\" content=\"https:\/\/www.facebook.com\/people\/Axa-Residence\/61570323142841\/\" \/>\n<meta property=\"article:modified_time\" content=\"2024-12-23T16:00:44+00:00\" \/>\n<meta property=\"og:image\" content=\"https:\/\/axaresidence.al\/wp-content\/uploads\/2024\/12\/planimetri-kati-0-scaled.jpg\" \/>\n\t<meta property=\"og:image:width\" content=\"1810\" \/>\n\t<meta property=\"og:image:height\" content=\"2560\" \/>\n\t<meta property=\"og:image:type\" content=\"image\/jpeg\" \/>\n<meta name=\"twitter:card\" content=\"summary_large_image\" \/>\n<meta name=\"twitter:label1\" content=\"Estimated reading time\" \/>\n\t<meta name=\"twitter:data1\" content=\"1 minute\" \/>\n<!-- \/ Yoast SEO Premium plugin. -->","yoast_head_json":{"title":"Ambiente Sherbimi - Hap\u00ebsira Praktike dhe Funksionale","description":"Ambiente sh\u00ebrbimi t\u00eb dizajnuara p\u00ebr biznesin tuaj. Siguroni hap\u00ebsira funksionale dhe moderne me Axa Residence.","robots":{"index":"index","follow":"follow","max-snippet":"max-snippet:-1","max-image-preview":"max-image-preview:large","max-video-preview":"max-video-preview:-1"},"canonical":"https:\/\/axaresidence.al\/en\/ambiente-sherbimi\/","og_locale":"en_GB","og_type":"article","og_title":"Ambiente Sherbimi","og_description":"Ambiente sh\u00ebrbimi t\u00eb dizajnuara p\u00ebr biznesin tuaj. Siguroni hap\u00ebsira funksionale dhe moderne me Axa Residence.","og_url":"https:\/\/axaresidence.al\/en\/ambiente-sherbimi\/","og_site_name":"AXA Residence","article_publisher":"https:\/\/www.facebook.com\/people\/Axa-Residence\/61570323142841\/","article_modified_time":"2024-12-23T16:00:44+00:00","og_image":[{"width":1810,"height":2560,"url":"https:\/\/axaresidence.al\/wp-content\/uploads\/2024\/12\/planimetri-kati-0-scaled.jpg","type":"image\/jpeg"}],"twitter_card":"summary_large_image","twitter_misc":{"Estimated reading time":"1 minute"},"schema":{"@context":"https:\/\/schema.org","@graph":[{"@type":"WebPage","@id":"https:\/\/axaresidence.al\/ambiente-sherbimi\/","url":"https:\/\/axaresidence.al\/ambiente-sherbimi\/","name":"Ambiente Sherbimi - Hap\u00ebsira Praktike dhe Funksionale","isPartOf":{"@id":"https:\/\/axaresidence.al\/#website"},"primaryImageOfPage":{"@id":"https:\/\/axaresidence.al\/ambiente-sherbimi\/#primaryimage"},"image":{"@id":"https:\/\/axaresidence.al\/ambiente-sherbimi\/#primaryimage"},"thumbnailUrl":"https:\/\/axaresidence.al\/wp-content\/uploads\/2024\/12\/planimetri-kati-0-1448x2048.jpg","datePublished":"2024-11-30T10:59:07+00:00","dateModified":"2024-12-23T16:00:44+00:00","description":"Ambiente sh\u00ebrbimi t\u00eb dizajnuara p\u00ebr biznesin tuaj. Siguroni hap\u00ebsira funksionale dhe moderne me Axa Residence.","breadcrumb":{"@id":"https:\/\/axaresidence.al\/ambiente-sherbimi\/#breadcrumb"},"inLanguage":"en-GB","potentialAction":[{"@type":"ReadAction","target":["https:\/\/axaresidence.al\/ambiente-sherbimi\/"]}]},{"@type":"ImageObject","inLanguage":"en-GB","@id":"https:\/\/axaresidence.al\/ambiente-sherbimi\/#primaryimage","url":"https:\/\/axaresidence.al\/wp-content\/uploads\/2024\/12\/planimetri-kati-0-1448x2048.jpg","contentUrl":"https:\/\/axaresidence.al\/wp-content\/uploads\/2024\/12\/planimetri-kati-0-1448x2048.jpg"},{"@type":"BreadcrumbList","@id":"https:\/\/axaresidence.al\/ambiente-sherbimi\/#breadcrumb","itemListElement":[{"@type":"ListItem","position":1,"name":"Home","item":"https:\/\/axaresidence.al\/"},{"@type":"ListItem","position":2,"name":"Ambiente Sherbimi"}]},{"@type":"WebSite","@id":"https:\/\/axaresidence.al\/#website","url":"https:\/\/axaresidence.al\/","name":"AXA Residence","description":"","publisher":{"@id":"https:\/\/axaresidence.al\/#organization"},"potentialAction":[{"@type":"SearchAction","target":{"@type":"EntryPoint","urlTemplate":"https:\/\/axaresidence.al\/?s={search_term_string}"},"query-input":{"@type":"PropertyValueSpecification","valueRequired":true,"valueName":"search_term_string"}}],"inLanguage":"en-GB"},{"@type":"Organization","@id":"https:\/\/axaresidence.al\/#organization","name":"AXA Residence","url":"https:\/\/axaresidence.al\/","logo":{"@type":"ImageObject","inLanguage":"en-GB","@id":"https:\/\/axaresidence.al\/#\/schema\/logo\/image\/","url":"https:\/\/axaresidence.al\/wp-content\/uploads\/2024\/11\/cropped-axa.png","contentUrl":"https:\/\/axaresidence.al\/wp-content\/uploads\/2024\/11\/cropped-axa.png","width":512,"height":512,"caption":"AXA Residence"},"image":{"@id":"https:\/\/axaresidence.al\/#\/schema\/logo\/image\/"},"sameAs":["https:\/\/www.facebook.com\/people\/Axa-Residence\/61570323142841\/","https:\/\/www.instagram.com\/axa_residence","https:\/\/www.tiktok.com\/@axa.residence","https:\/\/www.linkedin.com\/in\/axa-residence-763180340\/","https:\/\/api.whatsapp.com\/send\/?phone=355696073600&text&type=phone_number&app_absent=0"]}]}},"_links":{"self":[{"href":"https:\/\/axaresidence.al\/en\/wp-json\/wp\/v2\/pages\/3823","targetHints":{"allow":["GET"]}}],"collection":[{"href":"https:\/\/axaresidence.al\/en\/wp-json\/wp\/v2\/pages"}],"about":[{"href":"https:\/\/axaresidence.al\/en\/wp-json\/wp\/v2\/types\/page"}],"author":[{"embeddable":true,"href":"https:\/\/axaresidence.al\/en\/wp-json\/wp\/v2\/users\/3"}],"replies":[{"embeddable":true,"href":"https:\/\/axaresidence.al\/en\/wp-json\/wp\/v2\/comments?post=3823"}],"version-history":[{"count":0,"href":"https:\/\/axaresidence.al\/en\/wp-json\/wp\/v2\/pages\/3823\/revisions"}],"wp:attachment":[{"href":"https:\/\/axaresidence.al\/en\/wp-json\/wp\/v2\/media?parent=3823"}],"curies":[{"name":"wp","href":"https:\/\/api.w.org\/{rel}","templated":true}]}}