{"id":3825,"date":"2024-11-30T10:59:20","date_gmt":"2024-11-30T10:59:20","guid":{"rendered":"https:\/\/axaresidence.al\/?page_id=3825"},"modified":"2024-12-23T16:01:12","modified_gmt":"2024-12-23T16:01:12","slug":"parkime","status":"publish","type":"page","link":"https:\/\/axaresidence.al\/en\/parkime\/","title":{"rendered":"Parking lots"},"content":{"rendered":"<div data-elementor-type=\"wp-page\" data-elementor-id=\"3825\" class=\"elementor elementor-3825\" data-elementor-post-type=\"page\">\n\t\t\t\t<div class=\"elementor-element elementor-element-cd1d820 e-flex e-con-boxed e-con e-parent\" data-id=\"cd1d820\" data-element_type=\"container\">\n\t\t\t\t\t<div class=\"e-con-inner\">\n\t\t\t\t<div class=\"elementor-element elementor-element-a2bbc8a elementor-widget elementor-widget-text-editor\" data-id=\"a2bbc8a\" data-element_type=\"widget\" data-widget_type=\"text-editor.default\">\n\t\t\t\t<div class=\"elementor-widget-container\">\n\t\t\t\t\t\t\t\t\t<p class=\" translation-block\">Our complex offers <strong>199 dedicated parking spaces<\/strong>, distributed from floors -1 to -4, providing sufficient and secured spaces for residents and visitors. Each floor is conveniently organized to provide an easy and accessible parking experience, with maximum safety and convenience. Ideal for an organized and worry-free lifestyle.<\/p>\t\t\t\t\t\t\t\t<\/div>\n\t\t\t\t<\/div>\n\t\t\t\t<div class=\"elementor-element elementor-element-c64dadd elementor-widget elementor-widget-image\" data-id=\"c64dadd\" data-element_type=\"widget\" data-widget_type=\"image.default\">\n\t\t\t\t<div class=\"elementor-widget-container\">\n\t\t\t\t\t\t\t\t\t\t\t\t\t\t\t<img fetchpriority=\"high\" decoding=\"async\" width=\"643\" height=\"562\" src=\"https:\/\/axaresidence.al\/wp-content\/uploads\/2024\/12\/PARKIM-4.jpg\" class=\"attachment-maisonco-featured-image-full size-maisonco-featured-image-full wp-image-4356\" alt=\"\" srcset=\"https:\/\/axaresidence.al\/wp-content\/uploads\/2024\/12\/PARKIM-4.jpg 643w, https:\/\/axaresidence.al\/wp-content\/uploads\/2024\/12\/PARKIM-4-300x262.jpg 300w, https:\/\/axaresidence.al\/wp-content\/uploads\/2024\/12\/PARKIM-4-14x12.jpg 14w, https:\/\/axaresidence.al\/wp-content\/uploads\/2024\/12\/PARKIM-4-400x350.jpg 400w\" sizes=\"(max-width: 643px) 100vw, 643px\" \/>\t\t\t\t\t\t\t\t\t\t\t\t\t\t\t<\/div>\n\t\t\t\t<\/div>\n\t\t\t\t\t<\/div>\n\t\t\t\t<\/div>\n\t\t\t\t<\/div>","protected":false},"excerpt":{"rendered":"<p>Kompleksi yn\u00eb ofron 199 vende parkimi t\u00eb dedikuara, t\u00eb shp\u00ebrndara nga kati -1 deri n\u00eb -4, duke siguruar hap\u00ebsira t\u00eb mjaftueshme dhe t\u00eb siguruara p\u00ebr banor\u00ebt dhe vizitor\u00ebt. \u00c7do kat \u00ebsht\u00eb i organizuar n\u00eb m\u00ebnyr\u00eb praktike p\u00ebr t\u00eb ofruar nj\u00eb p\u00ebrvoj\u00eb t\u00eb leht\u00eb dhe t\u00eb aksesueshme parkimi, me siguri maksimale dhe komoditet. Ideal p\u00ebr nj\u00eb &hellip; <\/p>\n<p class=\"link-more\"><a href=\"https:\/\/axaresidence.al\/en\/parkime\/\" class=\"more-link\">Read More <span class=\"screen-reader-text\"> &#8220;Parkime&#8221;<\/span><\/a><\/p>","protected":false},"author":3,"featured_media":0,"parent":0,"menu_order":0,"comment_status":"closed","ping_status":"closed","template":"","meta":{"footnotes":""},"class_list":["post-3825","page","type-page","status-publish","hentry"],"yoast_head":"<!-- This site is optimized with the Yoast SEO Premium plugin v23.5 (Yoast SEO v24.0) - https:\/\/yoast.com\/wordpress\/plugins\/seo\/ -->\n<title>Parkime te AXA Residence - Siguri dhe Komoditet<\/title>\n<meta name=\"description\" content=\"Siguroni vend parkimi t\u00eb sigurt dhe t\u00eb aksesuesh\u00ebm n\u00eb Axa Residence. Hap\u00ebsira t\u00eb dizajnuara p\u00ebr komoditet maksimal.\" \/>\n<meta name=\"robots\" content=\"index, follow, max-snippet:-1, max-image-preview:large, max-video-preview:-1\" \/>\n<link rel=\"canonical\" href=\"https:\/\/axaresidence.al\/en\/parkime\/\" \/>\n<meta property=\"og:locale\" content=\"en_GB\" \/>\n<meta property=\"og:type\" content=\"article\" \/>\n<meta property=\"og:title\" content=\"Parkime\" \/>\n<meta property=\"og:description\" content=\"Siguroni vend parkimi t\u00eb sigurt dhe t\u00eb aksesuesh\u00ebm n\u00eb Axa Residence. Hap\u00ebsira t\u00eb dizajnuara p\u00ebr komoditet maksimal.\" \/>\n<meta property=\"og:url\" content=\"https:\/\/axaresidence.al\/en\/parkime\/\" \/>\n<meta property=\"og:site_name\" content=\"AXA Residence\" \/>\n<meta property=\"article:publisher\" content=\"https:\/\/www.facebook.com\/people\/Axa-Residence\/61570323142841\/\" \/>\n<meta property=\"article:modified_time\" content=\"2024-12-23T16:01:12+00:00\" \/>\n<meta property=\"og:image\" content=\"https:\/\/axaresidence.al\/wp-content\/uploads\/2024\/12\/PARKIM-4.jpg\" \/>\n\t<meta property=\"og:image:width\" content=\"643\" \/>\n\t<meta property=\"og:image:height\" content=\"562\" \/>\n\t<meta property=\"og:image:type\" content=\"image\/jpeg\" \/>\n<meta name=\"twitter:card\" content=\"summary_large_image\" \/>\n<meta name=\"twitter:label1\" content=\"Estimated reading time\" \/>\n\t<meta name=\"twitter:data1\" content=\"1 minute\" \/>\n<!-- \/ Yoast SEO Premium plugin. -->","yoast_head_json":{"title":"Parkime te AXA Residence - Siguri dhe Komoditet","description":"Siguroni vend parkimi t\u00eb sigurt dhe t\u00eb aksesuesh\u00ebm n\u00eb Axa Residence. Hap\u00ebsira t\u00eb dizajnuara p\u00ebr komoditet maksimal.","robots":{"index":"index","follow":"follow","max-snippet":"max-snippet:-1","max-image-preview":"max-image-preview:large","max-video-preview":"max-video-preview:-1"},"canonical":"https:\/\/axaresidence.al\/en\/parkime\/","og_locale":"en_GB","og_type":"article","og_title":"Parkime","og_description":"Siguroni vend parkimi t\u00eb sigurt dhe t\u00eb aksesuesh\u00ebm n\u00eb Axa Residence. Hap\u00ebsira t\u00eb dizajnuara p\u00ebr komoditet maksimal.","og_url":"https:\/\/axaresidence.al\/en\/parkime\/","og_site_name":"AXA Residence","article_publisher":"https:\/\/www.facebook.com\/people\/Axa-Residence\/61570323142841\/","article_modified_time":"2024-12-23T16:01:12+00:00","og_image":[{"width":643,"height":562,"url":"https:\/\/axaresidence.al\/wp-content\/uploads\/2024\/12\/PARKIM-4.jpg","type":"image\/jpeg"}],"twitter_card":"summary_large_image","twitter_misc":{"Estimated reading time":"1 minute"},"schema":{"@context":"https:\/\/schema.org","@graph":[{"@type":"WebPage","@id":"https:\/\/axaresidence.al\/parkime\/","url":"https:\/\/axaresidence.al\/parkime\/","name":"Parkime te AXA Residence - Siguri dhe Komoditet","isPartOf":{"@id":"https:\/\/axaresidence.al\/#website"},"primaryImageOfPage":{"@id":"https:\/\/axaresidence.al\/parkime\/#primaryimage"},"image":{"@id":"https:\/\/axaresidence.al\/parkime\/#primaryimage"},"thumbnailUrl":"https:\/\/axaresidence.al\/wp-content\/uploads\/2024\/12\/PARKIM-4.jpg","datePublished":"2024-11-30T10:59:20+00:00","dateModified":"2024-12-23T16:01:12+00:00","description":"Siguroni vend parkimi t\u00eb sigurt dhe t\u00eb aksesuesh\u00ebm n\u00eb Axa Residence. Hap\u00ebsira t\u00eb dizajnuara p\u00ebr komoditet maksimal.","breadcrumb":{"@id":"https:\/\/axaresidence.al\/parkime\/#breadcrumb"},"inLanguage":"en-GB","potentialAction":[{"@type":"ReadAction","target":["https:\/\/axaresidence.al\/parkime\/"]}]},{"@type":"ImageObject","inLanguage":"en-GB","@id":"https:\/\/axaresidence.al\/parkime\/#primaryimage","url":"https:\/\/axaresidence.al\/wp-content\/uploads\/2024\/12\/PARKIM-4.jpg","contentUrl":"https:\/\/axaresidence.al\/wp-content\/uploads\/2024\/12\/PARKIM-4.jpg"},{"@type":"BreadcrumbList","@id":"https:\/\/axaresidence.al\/parkime\/#breadcrumb","itemListElement":[{"@type":"ListItem","position":1,"name":"Home","item":"https:\/\/axaresidence.al\/"},{"@type":"ListItem","position":2,"name":"Parkime"}]},{"@type":"WebSite","@id":"https:\/\/axaresidence.al\/#website","url":"https:\/\/axaresidence.al\/","name":"AXA Residence","description":"","publisher":{"@id":"https:\/\/axaresidence.al\/#organization"},"potentialAction":[{"@type":"SearchAction","target":{"@type":"EntryPoint","urlTemplate":"https:\/\/axaresidence.al\/?s={search_term_string}"},"query-input":{"@type":"PropertyValueSpecification","valueRequired":true,"valueName":"search_term_string"}}],"inLanguage":"en-GB"},{"@type":"Organization","@id":"https:\/\/axaresidence.al\/#organization","name":"AXA Residence","url":"https:\/\/axaresidence.al\/","logo":{"@type":"ImageObject","inLanguage":"en-GB","@id":"https:\/\/axaresidence.al\/#\/schema\/logo\/image\/","url":"https:\/\/axaresidence.al\/wp-content\/uploads\/2024\/11\/cropped-axa.png","contentUrl":"https:\/\/axaresidence.al\/wp-content\/uploads\/2024\/11\/cropped-axa.png","width":512,"height":512,"caption":"AXA Residence"},"image":{"@id":"https:\/\/axaresidence.al\/#\/schema\/logo\/image\/"},"sameAs":["https:\/\/www.facebook.com\/people\/Axa-Residence\/61570323142841\/","https:\/\/www.instagram.com\/axa_residence","https:\/\/www.tiktok.com\/@axa.residence","https:\/\/www.linkedin.com\/in\/axa-residence-763180340\/","https:\/\/api.whatsapp.com\/send\/?phone=355696073600&text&type=phone_number&app_absent=0"]}]}},"_links":{"self":[{"href":"https:\/\/axaresidence.al\/en\/wp-json\/wp\/v2\/pages\/3825","targetHints":{"allow":["GET"]}}],"collection":[{"href":"https:\/\/axaresidence.al\/en\/wp-json\/wp\/v2\/pages"}],"about":[{"href":"https:\/\/axaresidence.al\/en\/wp-json\/wp\/v2\/types\/page"}],"author":[{"embeddable":true,"href":"https:\/\/axaresidence.al\/en\/wp-json\/wp\/v2\/users\/3"}],"replies":[{"embeddable":true,"href":"https:\/\/axaresidence.al\/en\/wp-json\/wp\/v2\/comments?post=3825"}],"version-history":[{"count":0,"href":"https:\/\/axaresidence.al\/en\/wp-json\/wp\/v2\/pages\/3825\/revisions"}],"wp:attachment":[{"href":"https:\/\/axaresidence.al\/en\/wp-json\/wp\/v2\/media?parent=3825"}],"curies":[{"name":"wp","href":"https:\/\/api.w.org\/{rel}","templated":true}]}}