{"id":3829,"date":"2024-11-30T11:46:24","date_gmt":"2024-11-30T11:46:24","guid":{"rendered":"https:\/\/axaresidence.al\/?page_id=3829"},"modified":"2024-12-23T16:00:38","modified_gmt":"2024-12-23T16:00:38","slug":"hotel","status":"publish","type":"page","link":"https:\/\/axaresidence.al\/en\/hotel\/","title":{"rendered":"Hotel"},"content":{"rendered":"<div data-elementor-type=\"wp-page\" data-elementor-id=\"3829\" class=\"elementor elementor-3829\" data-elementor-post-type=\"page\">\n\t\t\t\t<div class=\"elementor-element elementor-element-d6cc309 e-flex e-con-boxed e-con e-parent\" data-id=\"d6cc309\" data-element_type=\"container\">\n\t\t\t\t\t<div class=\"e-con-inner\">\n\t\t\t\t<div class=\"elementor-element elementor-element-7fd66b8 elementor-widget elementor-widget-text-editor\" data-id=\"7fd66b8\" data-element_type=\"widget\" data-widget_type=\"text-editor.default\">\n\t\t\t\t<div class=\"elementor-widget-container\">\n\t\t\t\t\t\t\t\t\t<p>The hotel is located in the middle of the building, offering an excellent location and a stunning panorama of the city. With 8 floors, the hotel is designed to offer comfort and luxury to visitors looking for a unique experience. Each floor is equipped with stylish and modern rooms, which offer optimal conditions for vacations and short-term stays, including high-level services and beautiful views of the city.<\/p><p>The hotel is geared towards providing a first-class service, with a dedicated team that attends to guests' every need. Whether you are there for business or leisure, the hotel offers a calm and comfortable environment, ensuring an unforgettable stay. All areas of the hotel are accessible and designed to offer a special experience at every level, with opportunities for additional activities and services to meet every guest request.<\/p>\t\t\t\t\t\t\t\t<\/div>\n\t\t\t\t<\/div>\n\t\t\t\t<div class=\"elementor-element elementor-element-1da16e5 elementor-widget elementor-widget-image\" data-id=\"1da16e5\" data-element_type=\"widget\" data-widget_type=\"image.default\">\n\t\t\t\t<div class=\"elementor-widget-container\">\n\t\t\t\t\t\t\t\t\t\t\t\t\t\t\t<img fetchpriority=\"high\" decoding=\"async\" width=\"1400\" height=\"700\" src=\"https:\/\/axaresidence.al\/wp-content\/uploads\/2024\/11\/slider-2-1400x700.jpg\" class=\"attachment-maisonco-featured-image-full size-maisonco-featured-image-full wp-image-3528\" alt=\"\" \/>\t\t\t\t\t\t\t\t\t\t\t\t\t\t\t<\/div>\n\t\t\t\t<\/div>\n\t\t\t\t\t<\/div>\n\t\t\t\t<\/div>\n\t\t\t\t<\/div>","protected":false},"excerpt":{"rendered":"<p>Hoteli\u00a0 ndodhet n\u00eb mes t\u00eb nd\u00ebrtes\u00ebs, duke ofruar nj\u00eb vendndodhje t\u00eb shk\u00eblqyer dhe nj\u00eb panoram\u00eb mahnit\u00ebse t\u00eb qytetit. Me 8 kate, hoteli \u00ebsht\u00eb i projektuar p\u00ebr t\u00eb ofruar komoditet dhe luks p\u00ebr vizitor\u00ebt q\u00eb k\u00ebrkojn\u00eb nj\u00eb eksperienc\u00eb t\u00eb ve\u00e7ant\u00eb. \u00c7do kat \u00ebsht\u00eb i pajisur me dhoma t\u00eb stilizuara dhe moderne, t\u00eb cilat ofrojn\u00eb kushte optimale &hellip; <\/p>\n<p class=\"link-more\"><a href=\"https:\/\/axaresidence.al\/en\/hotel\/\" class=\"more-link\">Read More <span class=\"screen-reader-text\"> &#8220;Hotel&#8221;<\/span><\/a><\/p>","protected":false},"author":3,"featured_media":0,"parent":0,"menu_order":0,"comment_status":"closed","ping_status":"closed","template":"","meta":{"footnotes":""},"class_list":["post-3829","page","type-page","status-publish","hentry"],"yoast_head":"<!-- This site is optimized with the Yoast SEO Premium plugin v23.5 (Yoast SEO v24.0) - https:\/\/yoast.com\/wordpress\/plugins\/seo\/ -->\n<title>Hotel i AXA Residence - Mikpritje dhe Rehati<\/title>\n<meta name=\"description\" content=\"Q\u00ebndroni n\u00eb hotelin modern t\u00eb Axa Residence. P\u00ebrjetoni nj\u00eb mikpritje t\u00eb ngroht\u00eb dhe sh\u00ebrbime premium p\u00ebr \u00e7do vizitor.\" \/>\n<meta name=\"robots\" content=\"index, follow, max-snippet:-1, max-image-preview:large, max-video-preview:-1\" \/>\n<link rel=\"canonical\" href=\"https:\/\/axaresidence.al\/en\/hotel\/\" \/>\n<meta property=\"og:locale\" content=\"en_GB\" \/>\n<meta property=\"og:type\" content=\"article\" \/>\n<meta property=\"og:title\" content=\"Hotel\" \/>\n<meta property=\"og:description\" content=\"Q\u00ebndroni n\u00eb hotelin modern t\u00eb Axa Residence. P\u00ebrjetoni nj\u00eb mikpritje t\u00eb ngroht\u00eb dhe sh\u00ebrbime premium p\u00ebr \u00e7do vizitor.\" \/>\n<meta property=\"og:url\" content=\"https:\/\/axaresidence.al\/en\/hotel\/\" \/>\n<meta property=\"og:site_name\" content=\"AXA Residence\" \/>\n<meta property=\"article:publisher\" content=\"https:\/\/www.facebook.com\/people\/Axa-Residence\/61570323142841\/\" \/>\n<meta property=\"article:modified_time\" content=\"2024-12-23T16:00:38+00:00\" \/>\n<meta property=\"og:image\" content=\"https:\/\/axaresidence.al\/wp-content\/uploads\/2024\/11\/slider-2.jpg\" \/>\n\t<meta property=\"og:image:width\" content=\"1920\" \/>\n\t<meta property=\"og:image:height\" content=\"1020\" \/>\n\t<meta property=\"og:image:type\" content=\"image\/jpeg\" \/>\n<meta name=\"twitter:card\" content=\"summary_large_image\" \/>\n<meta name=\"twitter:label1\" content=\"Estimated reading time\" \/>\n\t<meta name=\"twitter:data1\" content=\"1 minute\" \/>\n<!-- \/ Yoast SEO Premium plugin. -->","yoast_head_json":{"title":"Hotel i AXA Residence - Mikpritje dhe Rehati","description":"Q\u00ebndroni n\u00eb hotelin modern t\u00eb Axa Residence. P\u00ebrjetoni nj\u00eb mikpritje t\u00eb ngroht\u00eb dhe sh\u00ebrbime premium p\u00ebr \u00e7do vizitor.","robots":{"index":"index","follow":"follow","max-snippet":"max-snippet:-1","max-image-preview":"max-image-preview:large","max-video-preview":"max-video-preview:-1"},"canonical":"https:\/\/axaresidence.al\/en\/hotel\/","og_locale":"en_GB","og_type":"article","og_title":"Hotel","og_description":"Q\u00ebndroni n\u00eb hotelin modern t\u00eb Axa Residence. P\u00ebrjetoni nj\u00eb mikpritje t\u00eb ngroht\u00eb dhe sh\u00ebrbime premium p\u00ebr \u00e7do vizitor.","og_url":"https:\/\/axaresidence.al\/en\/hotel\/","og_site_name":"AXA Residence","article_publisher":"https:\/\/www.facebook.com\/people\/Axa-Residence\/61570323142841\/","article_modified_time":"2024-12-23T16:00:38+00:00","og_image":[{"width":1920,"height":1020,"url":"https:\/\/axaresidence.al\/wp-content\/uploads\/2024\/11\/slider-2.jpg","type":"image\/jpeg"}],"twitter_card":"summary_large_image","twitter_misc":{"Estimated reading time":"1 minute"},"schema":{"@context":"https:\/\/schema.org","@graph":[{"@type":"WebPage","@id":"https:\/\/axaresidence.al\/hotel\/","url":"https:\/\/axaresidence.al\/hotel\/","name":"Hotel i AXA Residence - Mikpritje dhe Rehati","isPartOf":{"@id":"https:\/\/axaresidence.al\/#website"},"primaryImageOfPage":{"@id":"https:\/\/axaresidence.al\/hotel\/#primaryimage"},"image":{"@id":"https:\/\/axaresidence.al\/hotel\/#primaryimage"},"thumbnailUrl":"https:\/\/axaresidence.al\/wp-content\/uploads\/2024\/11\/slider-2-1400x700.jpg","datePublished":"2024-11-30T11:46:24+00:00","dateModified":"2024-12-23T16:00:38+00:00","description":"Q\u00ebndroni n\u00eb hotelin modern t\u00eb Axa Residence. P\u00ebrjetoni nj\u00eb mikpritje t\u00eb ngroht\u00eb dhe sh\u00ebrbime premium p\u00ebr \u00e7do vizitor.","breadcrumb":{"@id":"https:\/\/axaresidence.al\/hotel\/#breadcrumb"},"inLanguage":"en-GB","potentialAction":[{"@type":"ReadAction","target":["https:\/\/axaresidence.al\/hotel\/"]}]},{"@type":"ImageObject","inLanguage":"en-GB","@id":"https:\/\/axaresidence.al\/hotel\/#primaryimage","url":"https:\/\/axaresidence.al\/wp-content\/uploads\/2024\/11\/slider-2-1400x700.jpg","contentUrl":"https:\/\/axaresidence.al\/wp-content\/uploads\/2024\/11\/slider-2-1400x700.jpg"},{"@type":"BreadcrumbList","@id":"https:\/\/axaresidence.al\/hotel\/#breadcrumb","itemListElement":[{"@type":"ListItem","position":1,"name":"Home","item":"https:\/\/axaresidence.al\/"},{"@type":"ListItem","position":2,"name":"Hotel"}]},{"@type":"WebSite","@id":"https:\/\/axaresidence.al\/#website","url":"https:\/\/axaresidence.al\/","name":"AXA Residence","description":"","publisher":{"@id":"https:\/\/axaresidence.al\/#organization"},"potentialAction":[{"@type":"SearchAction","target":{"@type":"EntryPoint","urlTemplate":"https:\/\/axaresidence.al\/?s={search_term_string}"},"query-input":{"@type":"PropertyValueSpecification","valueRequired":true,"valueName":"search_term_string"}}],"inLanguage":"en-GB"},{"@type":"Organization","@id":"https:\/\/axaresidence.al\/#organization","name":"AXA Residence","url":"https:\/\/axaresidence.al\/","logo":{"@type":"ImageObject","inLanguage":"en-GB","@id":"https:\/\/axaresidence.al\/#\/schema\/logo\/image\/","url":"https:\/\/axaresidence.al\/wp-content\/uploads\/2024\/11\/cropped-axa.png","contentUrl":"https:\/\/axaresidence.al\/wp-content\/uploads\/2024\/11\/cropped-axa.png","width":512,"height":512,"caption":"AXA Residence"},"image":{"@id":"https:\/\/axaresidence.al\/#\/schema\/logo\/image\/"},"sameAs":["https:\/\/www.facebook.com\/people\/Axa-Residence\/61570323142841\/","https:\/\/www.instagram.com\/axa_residence","https:\/\/www.tiktok.com\/@axa.residence","https:\/\/www.linkedin.com\/in\/axa-residence-763180340\/","https:\/\/api.whatsapp.com\/send\/?phone=355696073600&text&type=phone_number&app_absent=0"]}]}},"_links":{"self":[{"href":"https:\/\/axaresidence.al\/en\/wp-json\/wp\/v2\/pages\/3829","targetHints":{"allow":["GET"]}}],"collection":[{"href":"https:\/\/axaresidence.al\/en\/wp-json\/wp\/v2\/pages"}],"about":[{"href":"https:\/\/axaresidence.al\/en\/wp-json\/wp\/v2\/types\/page"}],"author":[{"embeddable":true,"href":"https:\/\/axaresidence.al\/en\/wp-json\/wp\/v2\/users\/3"}],"replies":[{"embeddable":true,"href":"https:\/\/axaresidence.al\/en\/wp-json\/wp\/v2\/comments?post=3829"}],"version-history":[{"count":0,"href":"https:\/\/axaresidence.al\/en\/wp-json\/wp\/v2\/pages\/3829\/revisions"}],"wp:attachment":[{"href":"https:\/\/axaresidence.al\/en\/wp-json\/wp\/v2\/media?parent=3829"}],"curies":[{"name":"wp","href":"https:\/\/api.w.org\/{rel}","templated":true}]}}