{"id":661,"date":"2018-12-22T03:29:14","date_gmt":"2018-12-22T03:29:14","guid":{"rendered":"https:\/\/demo2wpopal.b-cdn.net\/maisonco\/?page_id=661"},"modified":"2024-12-23T16:01:03","modified_gmt":"2024-12-23T16:01:03","slug":"prona","status":"publish","type":"page","link":"https:\/\/axaresidence.al\/en\/prona\/","title":{"rendered":"Property"},"content":{"rendered":"<div data-elementor-type=\"wp-page\" data-elementor-id=\"661\" class=\"elementor elementor-661\" data-elementor-post-type=\"page\">\n\t\t\t\t<div class=\"elementor-element elementor-element-ff794e5 e-flex e-con-boxed e-con e-parent\" data-id=\"ff794e5\" data-element_type=\"container\">\n\t\t\t\t\t<div class=\"e-con-inner\">\n\t\t\t\t<div class=\"elementor-element elementor-element-60fd984 elementor-heading__align-center elementor-widget elementor-widget-heading\" data-id=\"60fd984\" data-element_type=\"widget\" data-widget_type=\"heading.default\">\n\t\t\t\t<div class=\"elementor-widget-container\">\n\t\t\t\t\t<h2 class=\"elementor-heading-title elementor-size-default\">Browse the available properties at Axa Residence. Premium apartments designed for comfort and elegance.<\/h2>\t\t\t\t<\/div>\n\t\t\t\t<\/div>\n\t\t\t\t\t<\/div>\n\t\t\t\t<\/div>\n\t\t<div class=\"elementor-element elementor-element-7fdc688 e-flex e-con-boxed e-con e-parent\" data-id=\"7fdc688\" data-element_type=\"container\">\n\t\t\t\t\t<div class=\"e-con-inner\">\n\t\t<div class=\"elementor-element elementor-element-5df3bd7 e-con-full e-flex e-con e-child\" data-id=\"5df3bd7\" data-element_type=\"container\">\n\t\t\t\t<div class=\"elementor-element elementor-element-f08a91a elementor-position-top imagebox-svg-transform-none elementor-vertical-align-top elementor-widget elementor-widget-image-box\" data-id=\"f08a91a\" data-element_type=\"widget\" data-widget_type=\"image-box.default\">\n\t\t\t\t<div class=\"elementor-widget-container\">\n\t\t\t\t\t<div class=\"elementor-image-box-wrapper\"><div class=\"elementor-image-framed\"><figure class=\"elementor-image-box-img\"><a href=\"\/en\/apartmente\/\"><img fetchpriority=\"high\" decoding=\"async\" width=\"400\" height=\"400\" src=\"https:\/\/axaresidence.al\/wp-content\/uploads\/2024\/12\/Tipologji-11.jpg\" class=\"attachment-maisonco-featured-image-small size-maisonco-featured-image-small wp-image-4174\" alt=\"\" srcset=\"https:\/\/axaresidence.al\/wp-content\/uploads\/2024\/12\/Tipologji-11.jpg 400w, https:\/\/axaresidence.al\/wp-content\/uploads\/2024\/12\/Tipologji-11-300x300.jpg 300w, https:\/\/axaresidence.al\/wp-content\/uploads\/2024\/12\/Tipologji-11-150x150.jpg 150w, https:\/\/axaresidence.al\/wp-content\/uploads\/2024\/12\/Tipologji-11-12x12.jpg 12w, https:\/\/axaresidence.al\/wp-content\/uploads\/2024\/12\/Tipologji-11-100x100.jpg 100w\" sizes=\"(max-width: 400px) 100vw, 400px\" \/><\/a><\/figure><\/div><div class=\"elementor-image-box-content\"><h3 class=\"elementor-image-box-title\"><a href=\"\/en\/apartmente\/\">APARTMENTS<\/a><\/h3><\/div><\/div>\t\t\t\t<\/div>\n\t\t\t\t<\/div>\n\t\t\t\t<\/div>\n\t\t<div class=\"elementor-element elementor-element-ee60d08 e-con-full e-flex e-con e-child\" data-id=\"ee60d08\" data-element_type=\"container\">\n\t\t\t\t<div class=\"elementor-element elementor-element-5bb9f08 elementor-position-top imagebox-svg-transform-none elementor-vertical-align-top elementor-widget elementor-widget-image-box\" data-id=\"5bb9f08\" data-element_type=\"widget\" data-widget_type=\"image-box.default\">\n\t\t\t\t<div class=\"elementor-widget-container\">\n\t\t\t\t\t<div class=\"elementor-image-box-wrapper\"><div class=\"elementor-image-framed\"><figure class=\"elementor-image-box-img\"><a href=\"\/en\/ambiente-sherbimi\/\"><img decoding=\"async\" width=\"400\" height=\"400\" src=\"https:\/\/axaresidence.al\/wp-content\/uploads\/2024\/12\/Ambjent-Tregtar_Page_09-400x400.jpg\" class=\"attachment-maisonco-featured-image-small size-maisonco-featured-image-small wp-image-4332\" alt=\"\" srcset=\"https:\/\/axaresidence.al\/wp-content\/uploads\/2024\/12\/Ambjent-Tregtar_Page_09-400x400.jpg 400w, https:\/\/axaresidence.al\/wp-content\/uploads\/2024\/12\/Ambjent-Tregtar_Page_09-150x150.jpg 150w, https:\/\/axaresidence.al\/wp-content\/uploads\/2024\/12\/Ambjent-Tregtar_Page_09-13x12.jpg 13w, https:\/\/axaresidence.al\/wp-content\/uploads\/2024\/12\/Ambjent-Tregtar_Page_09-100x100.jpg 100w\" sizes=\"(max-width: 400px) 100vw, 400px\" \/><\/a><\/figure><\/div><div class=\"elementor-image-box-content\"><h3 class=\"elementor-image-box-title\"><a href=\"\/en\/ambiente-sherbimi\/\">Service Facilities<\/a><\/h3><\/div><\/div>\t\t\t\t<\/div>\n\t\t\t\t<\/div>\n\t\t\t\t<\/div>\n\t\t<div class=\"elementor-element elementor-element-042e2d6 e-con-full e-flex e-con e-child\" data-id=\"042e2d6\" data-element_type=\"container\">\n\t\t\t\t<div class=\"elementor-element elementor-element-5639961 elementor-position-top imagebox-svg-transform-none elementor-vertical-align-top elementor-widget elementor-widget-image-box\" data-id=\"5639961\" data-element_type=\"widget\" data-widget_type=\"image-box.default\">\n\t\t\t\t<div class=\"elementor-widget-container\">\n\t\t\t\t\t<div class=\"elementor-image-box-wrapper\"><div class=\"elementor-image-framed\"><figure class=\"elementor-image-box-img\"><a href=\"\/en\/parkime\/\"><img decoding=\"async\" width=\"400\" height=\"400\" src=\"https:\/\/axaresidence.al\/wp-content\/uploads\/2024\/12\/PARKIM-147-1-400x400.jpg\" class=\"attachment-maisonco-featured-image-small size-maisonco-featured-image-small wp-image-4333\" alt=\"\" srcset=\"https:\/\/axaresidence.al\/wp-content\/uploads\/2024\/12\/PARKIM-147-1-400x400.jpg 400w, https:\/\/axaresidence.al\/wp-content\/uploads\/2024\/12\/PARKIM-147-1-150x150.jpg 150w, https:\/\/axaresidence.al\/wp-content\/uploads\/2024\/12\/PARKIM-147-1-100x100.jpg 100w\" sizes=\"(max-width: 400px) 100vw, 400px\" \/><\/a><\/figure><\/div><div class=\"elementor-image-box-content\"><h3 class=\"elementor-image-box-title\"><a href=\"\/en\/parkime\/\">PARKIME<\/a><\/h3><\/div><\/div>\t\t\t\t<\/div>\n\t\t\t\t<\/div>\n\t\t\t\t<\/div>\n\t\t<div class=\"elementor-element elementor-element-081948b e-con-full e-flex e-con e-child\" data-id=\"081948b\" data-element_type=\"container\">\n\t\t\t\t<div class=\"elementor-element elementor-element-dd07cb0 elementor-position-top imagebox-svg-transform-none elementor-vertical-align-top elementor-widget elementor-widget-image-box\" data-id=\"dd07cb0\" data-element_type=\"widget\" data-widget_type=\"image-box.default\">\n\t\t\t\t<div class=\"elementor-widget-container\">\n\t\t\t\t\t<div class=\"elementor-image-box-wrapper\"><div class=\"elementor-image-framed\"><figure class=\"elementor-image-box-img\"><a href=\"\/en\/hotel\/\"><img loading=\"lazy\" decoding=\"async\" width=\"400\" height=\"400\" src=\"https:\/\/axaresidence.al\/wp-content\/uploads\/2024\/11\/slider-2-400x400.jpg\" class=\"attachment-maisonco-featured-image-small size-maisonco-featured-image-small wp-image-3528\" alt=\"\" srcset=\"https:\/\/axaresidence.al\/wp-content\/uploads\/2024\/11\/slider-2-400x400.jpg 400w, https:\/\/axaresidence.al\/wp-content\/uploads\/2024\/11\/slider-2-150x150.jpg 150w, https:\/\/axaresidence.al\/wp-content\/uploads\/2024\/11\/slider-2-100x100.jpg 100w\" sizes=\"(max-width: 400px) 100vw, 400px\" \/><\/a><\/figure><\/div><div class=\"elementor-image-box-content\"><h3 class=\"elementor-image-box-title\"><a href=\"\/en\/hotel\/\">HOTEL<\/a><\/h3><\/div><\/div>\t\t\t\t<\/div>\n\t\t\t\t<\/div>\n\t\t\t\t<\/div>\n\t\t\t\t\t<\/div>\n\t\t\t\t<\/div>\n\t\t\t\t<\/div>","protected":false},"excerpt":{"rendered":"<p>Shfletoni pronat e disponueshme n\u00eb Axa Residence. Apartamente premium t\u00eb dizajnuara p\u00ebr rehati dhe eleganc\u00eb. APARTAMENTE Ambiente Sherbimi PARKIME HOTEL<\/p>","protected":false},"author":3,"featured_media":0,"parent":0,"menu_order":0,"comment_status":"closed","ping_status":"closed","template":"","meta":{"footnotes":""},"class_list":["post-661","page","type-page","status-publish","hentry"],"yoast_head":"<!-- This site is optimized with the Yoast SEO Premium plugin v23.5 (Yoast SEO v24.0) - https:\/\/yoast.com\/wordpress\/plugins\/seo\/ -->\n<title>Prona te AXA Residence - Investoni n\u00eb T\u00eb Ardhmen Tuaj<\/title>\n<meta name=\"description\" content=\"Prona n\u00eb shitje n\u00eb Axa Residence jan\u00eb zgjidhja ideale p\u00ebr ata q\u00eb k\u00ebrkojn\u00eb apartamente moderne dhe komode.\" \/>\n<meta name=\"robots\" content=\"index, follow, max-snippet:-1, max-image-preview:large, max-video-preview:-1\" \/>\n<link rel=\"canonical\" href=\"https:\/\/axaresidence.al\/en\/prona\/\" \/>\n<meta property=\"og:locale\" content=\"en_GB\" \/>\n<meta property=\"og:type\" content=\"article\" \/>\n<meta property=\"og:title\" content=\"Prona\" \/>\n<meta property=\"og:description\" content=\"Prona n\u00eb shitje n\u00eb Axa Residence jan\u00eb zgjidhja ideale p\u00ebr ata q\u00eb k\u00ebrkojn\u00eb apartamente moderne dhe komode.\" \/>\n<meta property=\"og:url\" content=\"https:\/\/axaresidence.al\/en\/prona\/\" \/>\n<meta property=\"og:site_name\" content=\"AXA Residence\" \/>\n<meta property=\"article:publisher\" content=\"https:\/\/www.facebook.com\/people\/Axa-Residence\/61570323142841\/\" \/>\n<meta property=\"article:modified_time\" content=\"2024-12-23T16:01:03+00:00\" \/>\n<meta property=\"og:image\" content=\"https:\/\/axaresidence.al\/wp-content\/uploads\/2024\/12\/Tipologji-11.jpg\" \/>\n\t<meta property=\"og:image:width\" content=\"400\" \/>\n\t<meta property=\"og:image:height\" content=\"400\" \/>\n\t<meta property=\"og:image:type\" content=\"image\/jpeg\" \/>\n<meta name=\"twitter:card\" content=\"summary_large_image\" \/>\n<meta name=\"twitter:label1\" content=\"Estimated reading time\" \/>\n\t<meta name=\"twitter:data1\" content=\"1 minute\" \/>\n<!-- \/ Yoast SEO Premium plugin. -->","yoast_head_json":{"title":"Prona te AXA Residence - Investoni n\u00eb T\u00eb Ardhmen Tuaj","description":"Prona n\u00eb shitje n\u00eb Axa Residence jan\u00eb zgjidhja ideale p\u00ebr ata q\u00eb k\u00ebrkojn\u00eb apartamente moderne dhe komode.","robots":{"index":"index","follow":"follow","max-snippet":"max-snippet:-1","max-image-preview":"max-image-preview:large","max-video-preview":"max-video-preview:-1"},"canonical":"https:\/\/axaresidence.al\/en\/prona\/","og_locale":"en_GB","og_type":"article","og_title":"Prona","og_description":"Prona n\u00eb shitje n\u00eb Axa Residence jan\u00eb zgjidhja ideale p\u00ebr ata q\u00eb k\u00ebrkojn\u00eb apartamente moderne dhe komode.","og_url":"https:\/\/axaresidence.al\/en\/prona\/","og_site_name":"AXA Residence","article_publisher":"https:\/\/www.facebook.com\/people\/Axa-Residence\/61570323142841\/","article_modified_time":"2024-12-23T16:01:03+00:00","og_image":[{"width":400,"height":400,"url":"https:\/\/axaresidence.al\/wp-content\/uploads\/2024\/12\/Tipologji-11.jpg","type":"image\/jpeg"}],"twitter_card":"summary_large_image","twitter_misc":{"Estimated reading time":"1 minute"},"schema":{"@context":"https:\/\/schema.org","@graph":[{"@type":"WebPage","@id":"https:\/\/axaresidence.al\/prona\/","url":"https:\/\/axaresidence.al\/prona\/","name":"Prona te AXA Residence - Investoni n\u00eb T\u00eb Ardhmen Tuaj","isPartOf":{"@id":"https:\/\/axaresidence.al\/#website"},"primaryImageOfPage":{"@id":"https:\/\/axaresidence.al\/prona\/#primaryimage"},"image":{"@id":"https:\/\/axaresidence.al\/prona\/#primaryimage"},"thumbnailUrl":"https:\/\/axaresidence.al\/wp-content\/uploads\/2024\/12\/Tipologji-11.jpg","datePublished":"2018-12-22T03:29:14+00:00","dateModified":"2024-12-23T16:01:03+00:00","description":"Prona n\u00eb shitje n\u00eb Axa Residence jan\u00eb zgjidhja ideale p\u00ebr ata q\u00eb k\u00ebrkojn\u00eb apartamente moderne dhe komode.","breadcrumb":{"@id":"https:\/\/axaresidence.al\/prona\/#breadcrumb"},"inLanguage":"en-GB","potentialAction":[{"@type":"ReadAction","target":["https:\/\/axaresidence.al\/prona\/"]}]},{"@type":"ImageObject","inLanguage":"en-GB","@id":"https:\/\/axaresidence.al\/prona\/#primaryimage","url":"https:\/\/axaresidence.al\/wp-content\/uploads\/2024\/12\/Tipologji-11.jpg","contentUrl":"https:\/\/axaresidence.al\/wp-content\/uploads\/2024\/12\/Tipologji-11.jpg"},{"@type":"BreadcrumbList","@id":"https:\/\/axaresidence.al\/prona\/#breadcrumb","itemListElement":[{"@type":"ListItem","position":1,"name":"Home","item":"https:\/\/axaresidence.al\/"},{"@type":"ListItem","position":2,"name":"Prona"}]},{"@type":"WebSite","@id":"https:\/\/axaresidence.al\/#website","url":"https:\/\/axaresidence.al\/","name":"AXA Residence","description":"","publisher":{"@id":"https:\/\/axaresidence.al\/#organization"},"potentialAction":[{"@type":"SearchAction","target":{"@type":"EntryPoint","urlTemplate":"https:\/\/axaresidence.al\/?s={search_term_string}"},"query-input":{"@type":"PropertyValueSpecification","valueRequired":true,"valueName":"search_term_string"}}],"inLanguage":"en-GB"},{"@type":"Organization","@id":"https:\/\/axaresidence.al\/#organization","name":"AXA Residence","url":"https:\/\/axaresidence.al\/","logo":{"@type":"ImageObject","inLanguage":"en-GB","@id":"https:\/\/axaresidence.al\/#\/schema\/logo\/image\/","url":"https:\/\/axaresidence.al\/wp-content\/uploads\/2024\/11\/cropped-axa.png","contentUrl":"https:\/\/axaresidence.al\/wp-content\/uploads\/2024\/11\/cropped-axa.png","width":512,"height":512,"caption":"AXA Residence"},"image":{"@id":"https:\/\/axaresidence.al\/#\/schema\/logo\/image\/"},"sameAs":["https:\/\/www.facebook.com\/people\/Axa-Residence\/61570323142841\/","https:\/\/www.instagram.com\/axa_residence","https:\/\/www.tiktok.com\/@axa.residence","https:\/\/www.linkedin.com\/in\/axa-residence-763180340\/","https:\/\/api.whatsapp.com\/send\/?phone=355696073600&text&type=phone_number&app_absent=0"]}]}},"_links":{"self":[{"href":"https:\/\/axaresidence.al\/en\/wp-json\/wp\/v2\/pages\/661","targetHints":{"allow":["GET"]}}],"collection":[{"href":"https:\/\/axaresidence.al\/en\/wp-json\/wp\/v2\/pages"}],"about":[{"href":"https:\/\/axaresidence.al\/en\/wp-json\/wp\/v2\/types\/page"}],"author":[{"embeddable":true,"href":"https:\/\/axaresidence.al\/en\/wp-json\/wp\/v2\/users\/3"}],"replies":[{"embeddable":true,"href":"https:\/\/axaresidence.al\/en\/wp-json\/wp\/v2\/comments?post=661"}],"version-history":[{"count":0,"href":"https:\/\/axaresidence.al\/en\/wp-json\/wp\/v2\/pages\/661\/revisions"}],"wp:attachment":[{"href":"https:\/\/axaresidence.al\/en\/wp-json\/wp\/v2\/media?parent=661"}],"curies":[{"name":"wp","href":"https:\/\/api.w.org\/{rel}","templated":true}]}}